{"id":267,"date":"2022-12-28T17:36:00","date_gmt":"2022-12-28T16:36:00","guid":{"rendered":"https:\/\/conschongqing.esteri.it\/?page_id=267"},"modified":"2023-11-23T05:13:10","modified_gmt":"2023-11-23T04:13:10","slug":"altri-servizi","status":"publish","type":"page","link":"https:\/\/conschongqing.esteri.it\/it\/servizi-consolari-e-visti\/servizi-per-il-cittadino-italiano\/altri-servizi\/","title":{"rendered":"Altri servizi"},"content":{"rendered":"<p style=\"text-align: center;\"><strong>STUDI LEGALI CONSIGLIATI<\/strong><\/p>\n<p><strong>AVVISO:<\/strong><br \/>\nSi informa la gentile utenza che gli Studi Legali riportati nell\u2019elenco non hanno alcun rapporto contrattuale con questo Consolato Generale che, pertanto, non ha alcuna responsabilit\u00e0 sulla qualit\u00e0 delle prestazioni fornite dagli stessi, anche in riferimento al compenso che \u00e8 lasciato al libero accordo tra le parti.<\/p>\n<p>&nbsp;<\/p>\n<p style=\"text-align: center;\"><strong>CHONGQING<\/strong><\/p>\n<p><strong>1.DE BEDIN &amp; LEE LLP &#8211; Chongqing Representative Office<\/strong><\/p>\n<p><strong>DE BEDIN &amp; LEE LLP<\/strong><strong>\u5f8b\u5e08\u4e8b\u52a1\u6240<\/strong> <strong>&#8211; <\/strong><strong>\u9a7b\u91cd\u5e86\u4ee3\u8868\u5904<\/strong><\/p>\n<p><strong>Indirizzo: <\/strong>Unit 6-1 35\/F Chongqing World Financial Centre Office Building, No. 188 Minzu Road, Yuzhong District, Chongqing, China<\/p>\n<p><strong>\u5730\u5740\uff1a<\/strong>\u4e2d\u56fd\u91cd\u5e86\u5e02\u6e1d\u4e2d\u533a \u6c11\u65cf\u8def188\u53f7 \u91cd\u5e86\u73af\u7403\u91d1\u878d\u4e2d\u5fc335\u697c 6-1<\/p>\n<p><strong>Telefono:<\/strong> (86) 023-6370 2480<\/p>\n<p><strong>E-mail: <\/strong><a href=\"mailto:hongkong@dbl.hk\">hongkong@dbl.hk<\/a><\/p>\n<p><strong>Sito:<\/strong> <a href=\"http:\/\/www.dbl.hk\">http:\/\/www.dbl.hk<\/a><\/p>\n<p><strong>Informazioni generali:<\/strong> lo Studio fornisce un\u2019ampia gamma di servizi legali e commerciali in vari settori, ivi compresi i seguenti: Automotive, Aviazione, bancario e finanza, prodotti, energia, moda, industria pesante, assicurazioni, farmaceutico, private equity, shipping, giocattoli e prodotti per l\u2019infanzia. Tramite i suoi avvocati europei e asiatici, de Bedin &amp; Lee LLP fornisce i propri servizi in Cinese, Inglese, Italiano, Spagnolo, Francese e Tedesco, e con piena competenza nel diritto di Hong Kong. Situati in una delle dominanti economie mondiali finanziarie e di servizi, i soci e i collaboratori dello Studio forniscono assistenza ai clienti nei loro progetti d\u2019investimento a Hong Kong e Cina continentale.<\/p>\n<p>&nbsp;<\/p>\n<p><strong>2.D\u2019Andrea &amp; Partners Law Firm &#8211; Chongqing Office<\/strong><\/p>\n<p><strong>\u5fb7\u5b89\u777f\u5f8b\u5e08\u4e8b\u52a1\u6240<\/strong><strong> \u2013 <\/strong><strong>\u91cd\u5e86\u529e\u4e8b\u533a<\/strong><\/p>\n<p><strong>Indirizzo: <\/strong>Room 6, 20F, Chongqing Liangjiang International Cooperation Center No. 6 Huangshan Avenue Middle Section, Liang Jiang New Area, Chongqing, China<\/p>\n<p><strong>\u5730\u5740\uff1a<\/strong>\u91cd\u5e86\u5e02\u4e24\u6c5f\u65b0\u533a\u9ec4\u5c71\u5927\u9053\u4e2d\u6bb56\u53f7\u91cd\u5e86\u4e24\u6c5f\u56fd\u9645\u5408\u4f5c\u4e2d\u5fc320F-6#<\/p>\n<p><strong>Telefono:<\/strong> 023 63420230<\/p>\n<p><strong>E-mail: <\/strong>chongqing@dandreapartners.com<\/p>\n<p><strong>Sito:<\/strong> <a href=\"http:\/\/www.dandreapartners.com\">http:\/\/www.dandreapartners.com<\/a><\/p>\n<p><strong>Informazioni generali:<\/strong> D\u2019Andrea &amp; Partners Legal Counsel \u00e8 uno studio legale internazionale con sede principale a Shanghai, Cina, e uffici in Italia, India, Vietnam, Emirati Arabi Uniti, oltre ad un Russia Desk. Tra i pochi Studi Legali internazionali in Cina ad aver ricevuto l&#8217;autorizzazione da parte del Ministero della Giustizia della Repubblica Popolare Cinese ad operare regolarmente come studio legale in Cina, D\u2019Andrea &amp; Partners opera nel nel campo della consulenza business e legale internazionale e garantisce un servizio di consulenza in diverse lingue.<\/p>\n<p><strong>\u00a0<\/strong><\/p>\n<p><strong>3.ZHONG YIN L<\/strong><strong>awyer<\/strong><\/p>\n<p><strong>\u4e2d<\/strong><strong>\u94f6<\/strong><strong>\uff08\u91cd\u5e86\uff09<\/strong><strong>\u5f8b\u5e08\u4e8b\u52a1\u6240<\/strong><\/p>\n<p><strong>I<\/strong><strong>ndirizzo: <\/strong>Via Jinyuan, No. 7, Hotel Junhao, B-4, Distretto Jiangbei, Chongqing<\/p>\n<p><strong>\u5730\u5740\uff1a<\/strong>\u91cd\u5e86\u5e02\u6c5f\u5317\u533a\u91d1\u6e90\u8def7\u53f7\u541b\u8c6a\u5927\u996d\u5e97B\u5ea74\u5c42<\/p>\n<p><strong>Telefono: <\/strong>0086(023) 6701 6999<\/p>\n<p><strong>Fax:<\/strong> 0086(023)6760 0181<\/p>\n<p><strong>E-mail:<\/strong> cqzhongyinlawyer@126.com<\/p>\n<p><strong>Sito:<\/strong> www.cqzhongyinlawyer.com<\/p>\n<p>&nbsp;<\/p>\n<p><strong>4.All Bright Law Offices <\/strong><\/p>\n<p><strong>\u9526\u5929\u57ce\u5f8b\u5e08\u4e8b\u52a1\u6240<\/strong><\/p>\n<p><strong>Indirizzo:<\/strong> 22 \/ F, No. 1 office building, Guojin center, No. 1, Qingyun Road, jiangbeizui, Jiangbei District, Chongqing<\/p>\n<p><strong>\u5730\u5740\uff1a<\/strong>\u91cd\u5e86\u5e02\u6c5f\u5317\u533a\u6c5f\u5317\u5634\u5e86\u4e91\u8def1\u53f7\u56fd\u91d1\u4e2d\u5fc31\u53f7\u529e\u516c\u697c22\u697c<\/p>\n<p><strong>Telefono:<\/strong> 0086(023) 8895 1999<\/p>\n<p><strong>Fax:<\/strong> 0086(023) 8895 1988<\/p>\n<p><strong>E-mail: <\/strong>chongqing@allbrightlaw.com<\/p>\n<p><strong>Sito: <\/strong>www.allbrightlaw.com<\/p>\n<p>&nbsp;<\/p>\n<p><strong>5.Dacheng Law Offices <\/strong><\/p>\n<p><strong>\u5927\u6210\u5f8b\u5e08\u4e8b\u52a1\u6240<\/strong><\/p>\n<p><strong>Indirizzo: <\/strong>Viale Huangshan Dadao, Zhongduan, No. 56, Piazza Yuxing, B1, Piano 3\u00b0,4\u00b0e 5\u00b0, Chongqing<\/p>\n<p><strong>\u5730\u5740\uff1a<\/strong>\u91cd\u5e86\u5e02\u6e1d\u5317\u533a\u9ec4\u5c71\u5927\u9053\u4e2d\u6bb556\u53f7\u6e1d\u5174\u5e7f\u573aB1\u5e623\u697c\u30014\u697c\u30015\u697c<strong>Telefono: <\/strong>0086(023)6306 2288<\/p>\n<p><strong>Fax:<\/strong> 0086(023)6301 6565<\/p>\n<p><strong>E-mail:<\/strong> chongqing@dentons.cn<\/p>\n<p><strong>Sito: <\/strong>chongqing.dachenglaw.com<\/p>\n<p><strong>\u00a0<\/strong><\/p>\n<p><strong>6.TAHOTA L<\/strong><strong>aw Firm<\/strong><\/p>\n<p><strong>\u6cf0\u548c\u6cf0\u5f8b\u5e08\u4e8b\u52a1<\/strong><\/p>\n<p><strong>Indirizzo: <\/strong>Viale Huangshan Dadao, Zhongduan, No. 70, Liangjiang Xinjie, 2-10, Chongqing<\/p>\n<p><strong>\u5730\u5740\uff1a<\/strong>\u91cd\u5e86.\u4e24\u6c5f\u65b0\u533a\u9ec4\u5c71\u5927\u9053\u4e2d\u6bb570\u53f7\u4e24\u6c5f\u65b0\u754c2\u5e6210\u697c<\/p>\n<p><strong>Telefono: <\/strong>0086(023)8696 1188<\/p>\n<p><strong>Fax:<\/strong> 0086(023) 8696 1199<\/p>\n<p><strong>Sito:<\/strong> www.tahota-lawyer.com<\/p>\n<p>&nbsp;<\/p>\n<p><strong>7.Chongqing Jingsheng Law Firm<\/strong><\/p>\n<p><strong>\u91cd\u5e86\u9759\u5347\u5f8b\u5e08\u4e8b\u52a1\u6240<\/strong><\/p>\n<p><strong>Indirizzo: <\/strong>Via Minzu, No. 101, Intercontinental Hotel, 18 \u00b0 Piano, Distretto Yuzhong, Chongqing<\/p>\n<p><strong>\u5730\u5740\uff1a<\/strong>\u6c11\u65cf\u8def101\u53f7\u91cd\u5e86\u6d32\u9645\u9152\u5e97\u5546\u52a1\u697c18\u5c42<\/p>\n<p><strong>Telefono: <\/strong>0086(23)8806 1777<\/p>\n<p><strong>Fax: <\/strong>0086(23)8806 0505<\/p>\n<p><strong>E-mail:<\/strong>jingsheng@chinajingsheng.com<\/p>\n<p><strong>Sito: <\/strong><a href=\"http:\/\/www.chinajingsheng.com\/\">www.chinajingsheng.com<\/a><\/p>\n<p><strong>Titolare dello studio: <\/strong>Peng Jing (\u5f6d\u9759)<\/p>\n<p><strong>Numero di Cellulare: <\/strong>0086 139 8399 5888<\/p>\n<p>&nbsp;<\/p>\n<p>&nbsp;<\/p>\n<p style=\"text-align: center;\"><strong>CHENGDU<\/strong><\/p>\n<p><strong>\u00a0<\/strong><\/p>\n<p><strong>1.All Bright Law Offices<\/strong><\/p>\n<p><strong>\u9526\u5929\u57ce\u5f8b\u5e08\u4e8b\u52a1\u6240<\/strong><\/p>\n<p><strong>Indirizzo: <\/strong>31F, Tower 1, Huashang Finacial Center, No.33 Jiaozi Avenue, High-Tech Zone, Chengdu, 610000 P.R. China<\/p>\n<p><strong>\u5730\u5740<\/strong><strong>\uff1a<\/strong>\u6210\u90fd\u5e02\u9ad8\u65b0\u533a\u4ea4\u5b50\u5927\u905333\u53f7\u534e\u5546\u91d1\u878d\u4e2d\u5fc31\u53f7\u697c31\u5c42<\/p>\n<p><strong>Telefono: <\/strong>0086(28)8593 9898<\/p>\n<p><strong>Fax: <\/strong>0086(28)6202 0900<\/p>\n<p><strong>E-mail:<\/strong> <a href=\"mailto:chengdu@allbrightlaw.com\">chengdu@allbrightlaw.com<\/a><\/p>\n<p><strong>Sito: <\/strong><a href=\"http:\/\/www.allbrightlaw.com\/\">www.allbrightlaw.com<\/a><\/p>\n<p><strong>Titolare dello studio: <\/strong>Fang Jianping (\u65b9\u5efa\u5e73)<\/p>\n<p><strong>Numero di cellulare: <\/strong>0086 139 0806 3756<\/p>\n<p><strong>Informazioni generali: <\/strong>Nel 2021, AllBright si \u00e8 distinto per i suoi servizi in nove settori specifici, ovvero: banche e finanza, capital markets, societ\u00e0 e fusioni\/acquisizioni, risoluzione delle controversie, fiscalit\u00e0, fondi di investimento, lavoro e occupazione, edilizia e assicurazioni.<\/p>\n<p>&nbsp;<\/p>\n<p><strong>2.TAHOTA Law Firm <\/strong><\/p>\n<p><strong>\u6cf0\u548c\u6cf0\u5f8b\u5e08\u4e8b\u52a1\u6240<\/strong><\/p>\n<p><strong>Indirizzo: <\/strong>Viale Tianfu Dadao, Zhongduan, No. 199, Palm Spring International Center, 16\u00b0, Chengdu, Sichuan<\/p>\n<p><strong>\u5730\u5740\uff1a<\/strong>\u56db\u5ddd\u7701\u6210\u90fd\u5e02\u9ad8\u65b0\u533a\u5929\u5e9c\u5927\u9053\u4e2d\u6bb5199\u53f7\u68d5\u6988\u6cc9\u56fd\u9645\u4e2d\u5fc316\u697c<\/p>\n<p><strong>Telefono: <\/strong>0086(028)8662 5656<\/p>\n<p><strong>Fax:<\/strong> 0086(028) 85256335<\/p>\n<p><strong>E-mail:<\/strong> fei.luo@tahota.com<\/p>\n<p><strong>Sito:<\/strong> <a href=\"http:\/\/www.tahota-lawyer.com\/\">www.tahota-lawyer.com<\/a><\/p>\n<p><strong>Informazioni generali:<\/strong> Tahota fornisce efficienti servizi legali a oltre 10.000 clienti cinesi e stranieri, operando nei settori pi\u00f9 svariati. Tra questi: finanza, immobiliare, protezione ambientale, commercio, turismo e cultura, investimenti e finanziamenti, fusioni e acquisizioni, consulenza legale governativa. Negli ultimi anni Tahota ha incrementato le proprie attivit\u00e0 in settori emergenti quali Internet, intelligenza artificiale e blockchain.<\/p>\n<p>&nbsp;<\/p>\n<p><strong>3.Dacheng Law Offices<\/strong><\/p>\n<p><strong>\u5927\u6210\u5f8b\u5e08\u4e8b\u52a1\u6240<\/strong><\/p>\n<p><strong>Indirizzo: <\/strong>High-tech Zone, Chengdu, Sichuan Province, Intersection, International Center, No. 575 J International Tower, 18th floor<\/p>\n<p><strong>\u5730\u5740<\/strong><strong>:<\/strong> \u56db\u5ddd\u7701\u6210\u90fd\u5e02\u9ad8\u65b0\u533a\u4ea4\u5b50\u5927\u9053575\u53f7\u4e2d\u6d77\u56fd\u9645\u4e2d\u5fc3J\u5ea718\u5c42<\/p>\n<p><strong>Telefono: <\/strong>0086(028)8703 9931<\/p>\n<p><strong>Fax: <\/strong>0086(028)8703 6893<\/p>\n<p><strong>E-mail<\/strong>: Chengdu@dentons.cn<\/p>\n<p><strong>Sito: <\/strong>dachenglaw.com\/cn\/network\/jingnei\/chengdu<\/p>\n<p>&nbsp;<\/p>\n<p><strong>4.Grandall Law Firm <\/strong><\/p>\n<p><strong>\u56fd\u6d69\u5f8b\u5e08\u4e8b\u52a1\u6240<\/strong><\/p>\n<p><strong>Indirizzo<\/strong><strong>:<\/strong> Via Tianfu Erjie, No. 269, Wuguojie Business Center, 26-9, Distretto Gaoxin, Chengdu, Sichuan<\/p>\n<p><strong>\u5730\u5740\uff1a<\/strong>\u56db\u5ddd\u7701\u6210\u90fd\u5e02\u9ad8\u65b0\u533a\u5929\u5e9c\u4e8c\u8857269\u53f7\u65e0\u56fd\u754c\u5546\u52a1\u4e2d\u5fc326\u53f7\u697c9\u5c42 <strong>Telefono: <\/strong>0086(28)8611 9970<\/p>\n<p><strong>Fax:<\/strong> 0086(28)8611 9827<\/p>\n<p><strong>E-mail: <\/strong><a href=\"mailto:grandallcd@grandall.com.cn\">grandallcd@grandall.com.cn<\/a><\/p>\n<p><strong>Sito:<\/strong> <a href=\"http:\/\/www.grandall.com.cn\/\">www.grandall.com.cn<\/a><\/p>\n<p>&nbsp;<\/p>\n<p><strong>5.Yingke Law Firm <\/strong><\/p>\n<p><strong>\u76c8\u79d1\u5f8b\u5e08\u4e8b\u52a1\u6240<\/strong><\/p>\n<p><strong>Indirizzo:<\/strong> 21 \/ F, Tower B, Zhonghai International Center, 177 jiaozi Avenue, high tech Zone, Chengdu<\/p>\n<p><strong>\u5730\u5740<\/strong><strong>\uff1a<\/strong>\u6210\u90fd\u5e02\u9ad8\u65b0\u533a\u4ea4\u5b50\u5927\u9053177\u53f7\u4e2d\u6d77\u56fd\u9645\u4e2d\u5fc3B\u5ea721\u5c42<\/p>\n<p><strong>Telefono: <\/strong>0086(028) 62020666<\/p>\n<p><strong>Fax: <\/strong>0086(028)6130 1149<\/p>\n<p><strong>Sito:<\/strong> chengdu.yingkelawyer.com<\/p>\n<p><strong>\u00a0<\/strong><\/p>\n<p><strong>\u00a0<\/strong><\/p>\n<p><strong>\u00a0<\/strong><\/p>\n<p style=\"text-align: center;\"><strong>KUNMING<\/strong><\/p>\n<p><strong>\u00a0<\/strong><\/p>\n<p><strong>1.Dacheng Law Offices <\/strong><\/p>\n<p><strong>\u5927\u6210\u5f8b\u5e08\u4e8b\u52a1\u6240<\/strong><\/p>\n<p><strong>Indirizzo: <\/strong>5th Floor of North Tower, Wanda Kunming Twin Towers, 688 Qianxing Road Xishan District, Kunming, Yunnan Province<\/p>\n<p><strong>\u5730<\/strong> <strong>\u5740\uff1a<\/strong>\u4e91\u5357\u7701\u6606\u660e\u5e02\u897f\u5c71\u533a\u524d\u5174\u8def688\u53f7\u4e07\u8fbe\u00b7\u6606\u660e\u53cc\u5854-\u5317\u58545\u697c<\/p>\n<p><strong>\u7535<\/strong> <strong>\u8bdd\uff1a<\/strong>0086(0871) 6432 6335<\/p>\n<p><strong>Fax: <\/strong>0086(0871) 6432 6003<\/p>\n<p><strong>E-mail: <\/strong>kunming@dentons.cn<\/p>\n<p><strong>Sito: <\/strong>dachenglaw.com\/cn\/network\/jingnei\/kunming<\/p>\n<p><strong>Avvocato: <\/strong>Zhou Yu (\u5468\u5f67)<\/p>\n<p><strong>Cellulare: <\/strong>0086 138 8834 2360<\/p>\n<p><strong>Informazioni generali: <\/strong>Fondato nel 2010, l&#8217;ufficio di Kunming segue le operazioni relative alla Provincia dello Yunnan, ma ha esteso la propria attivit\u00e0 anche al Sud-est asiatico e a livello internazionale. Questi i principali settori di operativit\u00e0: societ\u00e0, capital marktes, investimenti e acquisizioni, finanza, immobiliare, commercio internazionale, penale, contenzioso e arbitrato.<\/p>\n<p>&nbsp;<\/p>\n<p><strong>2.Yingke Law Firm <\/strong><\/p>\n<p><strong>\u76c8\u79d1\u5f8b\u5e08\u4e8b\u52a1\u6240<\/strong><\/p>\n<p><strong>Indirizzo: <\/strong>Via Beijing, 12-13 piano, Panlong Distretto, Kunming, Yunnan.<\/p>\n<p><strong>\u5730\u5740<\/strong><strong>\uff1a<\/strong>\u6606\u660e\u5e02\u76d8\u9f99\u533a\u5317\u4eac\u8def987\u53f712-13\u5c42<\/p>\n<p><strong>Telefono: <\/strong>0086(0871)6315 0148<\/p>\n<p><strong>Fax: <\/strong>0086(0871)6319 0148<\/p>\n<p><strong>Sito:<\/strong> <a href=\"http:\/\/www.yingkelawyer.com\/\">www.yingkelawyer.com<\/a><\/p>\n<p><strong>Avvocato:<\/strong> Dong Ziyang (\u8463\u5b50\u739a)<\/p>\n<p><strong>Cellulare: <\/strong>0086 130 9942 6513<\/p>\n<p>&nbsp;<\/p>\n<p style=\"text-align: center;\"><strong>GUIYANG<\/strong><\/p>\n<p><strong>\u00a0<\/strong><\/p>\n<p><strong>1.TAHOTA Law Firm <\/strong><\/p>\n<p><strong>\u6cf0\u548c\u6cf0\u5f8b\u5e08\u4e8b\u52a1\u6240<\/strong><\/p>\n<p><strong>Indirizzo: <\/strong>Guiyang City, Guanshanhu District, Guizhou Finance City, 20th Floor, 12th \u300220th floor, building C<\/p>\n<p><strong>\u5730\u5740\uff1a<\/strong>\u8d35\u9633\u5e02\u89c2\u5c71\u6e56\u533a\u8d35\u5dde\u91d1\u878d\u57ce12\u680b20\u697c C\u5ea720\u5c42<\/p>\n<p><strong>Telefono: <\/strong>0086(0851) 85650777<\/p>\n<p><strong>Sito: <\/strong><a href=\"http:\/\/www.tahota-lawyer.com\/\">www.tahota-lawyer.com<\/a><\/p>\n<p><strong>Informazioni generali:<\/strong> Tahota fornisce efficienti servizi legali a oltre 10.000 clienti cinesi e stranieri, operando nei settori pi\u00f9 svariati. Tra questi: finanza, immobiliare, protezione ambientale, commercio, turismo e cultura, investimenti e finanziamenti, fusioni e acquisizioni, consulenza legale governativa. Negli ultimi anni Tahota ha incrementato le proprie attivit\u00e0 in settori emergenti quali Internet, intelligenza artificiale e blockchain.<\/p>\n<p><strong>\u00a0<\/strong><\/p>\n<p><strong>2.Grandall Law Firm <\/strong><\/p>\n<p><strong>\u56fd\u6d69\u5f8b\u5e08\u4e8b\u52a1\u6240<\/strong><\/p>\n<p><strong>Indirizzo<\/strong><strong>: <\/strong>Guiyang City, Guanshanhu District, Guizhou Finance City, 20th Floor, 12th<\/p>\n<p><strong>\u5730\u5740\uff1a<\/strong>\u8d35\u9633\u5e02\u89c2\u5c71\u6e56\u533a\u8d35\u5dde\u91d1\u878d\u57ce12\u680b20\u697c<\/p>\n<p><strong>Telefono: <\/strong>0086(0851) 8577 7376<\/p>\n<p><strong>Fax:<\/strong> 0086(0851) 8577 7576<\/p>\n<p><strong>E-mail: <\/strong>grandallgy@grandall.com.cn<\/p>\n<p><strong>Sito:<\/strong> <a href=\"http:\/\/www.grandall.com.cn\/\">www.grandall.com.cn<\/a><\/p>\n","protected":false},"excerpt":{"rendered":"STUDI LEGALI CONSIGLIATI AVVISO: Si informa la gentile utenza che gli Studi Legali riportati nell\u2019elenco non hanno alcun rapporto contrattuale con questo Consolato Generale che, pertanto, non ha alcuna responsabilit\u00e0 sulla qualit\u00e0 delle prestazioni fornite dagli stessi, anche in riferimento al compenso che \u00e8 lasciato al libero accordo tra le parti. &nbsp; CHONGQING 1.DE BEDIN [&hellip;]","protected":false},"author":3,"featured_media":0,"parent":57,"menu_order":0,"comment_status":"closed","ping_status":"closed","template":"","meta":{"footnotes":""},"class_list":["post-267","page","type-page","status-publish","hentry"],"_links":{"self":[{"href":"https:\/\/conschongqing.esteri.it\/it\/wp-json\/wp\/v2\/pages\/267","targetHints":{"allow":["GET"]}}],"collection":[{"href":"https:\/\/conschongqing.esteri.it\/it\/wp-json\/wp\/v2\/pages"}],"about":[{"href":"https:\/\/conschongqing.esteri.it\/it\/wp-json\/wp\/v2\/types\/page"}],"author":[{"embeddable":true,"href":"https:\/\/conschongqing.esteri.it\/it\/wp-json\/wp\/v2\/users\/3"}],"replies":[{"embeddable":true,"href":"https:\/\/conschongqing.esteri.it\/it\/wp-json\/wp\/v2\/comments?post=267"}],"version-history":[{"count":2,"href":"https:\/\/conschongqing.esteri.it\/it\/wp-json\/wp\/v2\/pages\/267\/revisions"}],"predecessor-version":[{"id":3431,"href":"https:\/\/conschongqing.esteri.it\/it\/wp-json\/wp\/v2\/pages\/267\/revisions\/3431"}],"up":[{"embeddable":true,"href":"https:\/\/conschongqing.esteri.it\/it\/wp-json\/wp\/v2\/pages\/57"}],"wp:attachment":[{"href":"https:\/\/conschongqing.esteri.it\/it\/wp-json\/wp\/v2\/media?parent=267"}],"curies":[{"name":"wp","href":"https:\/\/api.w.org\/{rel}","templated":true}]}}