{"id":465,"date":"2023-05-04T04:10:22","date_gmt":"2023-05-04T02:10:22","guid":{"rendered":"https:\/\/conschongqing.esteri.it\/?page_id=465"},"modified":"2023-05-04T04:13:14","modified_gmt":"2023-05-04T02:13:14","slug":"notifiche-allestero","status":"publish","type":"page","link":"https:\/\/conschongqing.esteri.it\/it\/servizi-consolari-e-visti\/servizi-per-il-cittadino-italiano\/notifiche-allestero\/","title":{"rendered":"Notifiche all\u2019estero"},"content":{"rendered":"<p>L&#8217;attivit\u00e0 di notificazione \u00e8 una fase fondamentale dei processi civili, penali, tributari, amministrativi, fallimentari e del lavoro, nonch\u00e9 di alcune fasi pre-processuali o amministrative, che d\u00e0 la conoscenza legale di un provvedimento mediante la consegna di un atto, giudiziario o extragiudiziario, da parte di un particolare soggetto notificatore, secondo precise modalit\u00e0.<\/p>\n<p>Ai sensi dell\u2019art. 37 del D.Lgs. 71\/2011 l\u2019Ufficio Consolare provvede alla notifica degli atti ad esso rimessi, in conformit\u00e0 alle disposizioni di cooperazione giudiziaria dell\u2019UE, alle convenzioni internazionali in materia e alle leggi dello Stato di residenza.<\/p>\n<p>&nbsp;<\/p>\n<p><strong>NOTIFICA ALL\u2019ESTERO DEGLI ATTI GIUDIZIARI ED EXTRAGIUDIZIARI IN MATERIA CIVILE E COMMERCIALE<\/strong>.<\/p>\n<p>Le informazioni sono reperibili nella \u201c<a class=\"\" title=\"guida\" href=\"https:\/\/ambpechino.esteri.it\/wp-content\/uploads\/2023\/05\/2014guida_notifiche.pdf\" data-focus-mouse=\"false\">Guida alla notifica all\u2019estero degli atti giudiziari ed extragiudiziari in materia civile e commerciale (maggio 2014)\u201d<\/a>.<\/p>\n<p>&nbsp;<\/p>\n<p><strong>NOTIFICA DI ATTI AMMINISTRATIVI A PERSONE RESIDENTI ALL&#8217;ESTERO<\/strong><\/p>\n<p>Le informazioni sono reperibili al seguente link <a href=\"https:\/\/www.esteri.it\/wp-content\/uploads\/2022\/10\/Guida-Notifiche-Amministrative-2022-2.pdf\">Guida alla notifica all\u2019estero di atti amministrativi (edizione 2022)<\/a><\/p>\n<p>&nbsp;<\/p>\n<p>&nbsp;<\/p>\n","protected":false},"excerpt":{"rendered":"L&#8217;attivit\u00e0 di notificazione \u00e8 una fase fondamentale dei processi civili, penali, tributari, amministrativi, fallimentari e del lavoro, nonch\u00e9 di alcune fasi pre-processuali o amministrative, che d\u00e0 la conoscenza legale di un provvedimento mediante la consegna di un atto, giudiziario o extragiudiziario, da parte di un particolare soggetto notificatore, secondo precise modalit\u00e0. Ai sensi dell\u2019art. 37 [&hellip;]","protected":false},"author":4,"featured_media":0,"parent":57,"menu_order":0,"comment_status":"closed","ping_status":"closed","template":"","meta":{"footnotes":""},"class_list":["post-465","page","type-page","status-publish","hentry"],"_links":{"self":[{"href":"https:\/\/conschongqing.esteri.it\/it\/wp-json\/wp\/v2\/pages\/465","targetHints":{"allow":["GET"]}}],"collection":[{"href":"https:\/\/conschongqing.esteri.it\/it\/wp-json\/wp\/v2\/pages"}],"about":[{"href":"https:\/\/conschongqing.esteri.it\/it\/wp-json\/wp\/v2\/types\/page"}],"author":[{"embeddable":true,"href":"https:\/\/conschongqing.esteri.it\/it\/wp-json\/wp\/v2\/users\/4"}],"replies":[{"embeddable":true,"href":"https:\/\/conschongqing.esteri.it\/it\/wp-json\/wp\/v2\/comments?post=465"}],"version-history":[{"count":0,"href":"https:\/\/conschongqing.esteri.it\/it\/wp-json\/wp\/v2\/pages\/465\/revisions"}],"up":[{"embeddable":true,"href":"https:\/\/conschongqing.esteri.it\/it\/wp-json\/wp\/v2\/pages\/57"}],"wp:attachment":[{"href":"https:\/\/conschongqing.esteri.it\/it\/wp-json\/wp\/v2\/media?parent=465"}],"curies":[{"name":"wp","href":"https:\/\/api.w.org\/{rel}","templated":true}]}}