{"id":49,"date":"2026-02-11T02:36:48","date_gmt":"2026-02-11T01:36:48","guid":{"rendered":"https:\/\/conschongqing.esteri.it\/?page_id=49"},"modified":"2026-02-11T03:24:40","modified_gmt":"2026-02-11T02:24:40","slug":"contatti","status":"publish","type":"page","link":"https:\/\/conschongqing.esteri.it\/it\/chi-siamo\/contatti\/","title":{"rendered":"Contatti"},"content":{"rendered":"<p><strong>Consolato Generale d\u2019Italia a Chongqing<\/strong><\/p>\n<p>Chongqing World Financial Centre (WFC), No.188, Minzu Road Yuzhong District, Chongqing 400010, Repubblica Popolare Cinese<\/p>\n<p><strong>CONTATTI<\/strong><\/p>\n<p>Segreteria<\/p>\n<p>Tel: 0086 23-63822511<br \/>\nFax: 0086 23-63832544<br \/>\nE-mail:\u00a0<a href=\"mailto:chongqing.segreteria@esteri.it\">chongqing.segreteria@esteri.it<\/a><br \/>\nPEC:\u00a0<a href=\"mailto:con.chongqing@cert.esteri.it\">con.chongqing@cert.esteri.it<\/a><\/p>\n<p><strong>UFFICIO SERVIZI CONSOLARI (STATO CIVILE, ANAGRAFE, VISTI E PASSAPORTI)\u00a0 <\/strong><\/p>\n<p><strong>SEZIONE STATO CIVILE, ANAGRAFE E PASSAPORTI<\/strong><\/p>\n<p>Aperta al pubblico dal luned\u00ec al venerd\u00ec dalle 10:00 alle 12:00 e dalle 14:00 alle 16:00.<\/p>\n<p>E-mail:\u00a0chongqing.consolare@esteri.it<\/p>\n<p>Tel: 023-63316592<\/p>\n<p>&nbsp;<\/p>\n<p><strong>SEZIONE VISTI <\/strong><\/p>\n<p>E-mail:\u00a0<a href=\"mailto:chongqing.visti@esteri.it\">chongqing.visti@esteri.it<\/a><\/p>\n<p>PEC:\u00a0<a href=\"mailto:con.chongqing@cert.esteri.it\">con.chongqing@cert.esteri.it<\/a><\/p>\n<p>Aperta al pubblico dal luned\u00ec al venerd\u00ec dalle 10:00 alle 12:00 e il marted\u00ec e gioved\u00ec dalle 15:00 alle 17:00.<\/p>\n<p>Per informazioni sulle tipologie di visto e sulle modalit\u00e0 di presentazione delle domande, si prega di consultare la pagina web dedicata al seguente <a href=\"https:\/\/conschongqing.esteri.it\/it\/servizi-consolari-e-visti\/servizi-per-il-cittadino-straniero\/visti\/\">link<\/a>.<\/p>\n<p>&nbsp;<\/p>\n<p><strong>UFFICIO COMMERCIALE E PER LA SCIENZA, LA TECNOLOGIA E L\u2019INNOVAZIONE <\/strong><\/p>\n<p>Indirizzi e-mail: chongqing.commerciale@esteri.it<\/p>\n<p>Tel: 023-63831544<\/p>\n<p>&nbsp;<\/p>\n<p><strong>UFFICIO CULTURA E COMUNICAZIONE (SEZIONE STAMPA, SEZIONE CULTURA <\/strong><strong>E SEZIONE STUDENTI E ISTRUZIONE)<\/strong><\/p>\n<p>Indirizzi e-mail: chongqing.cultura@esteri.it<\/p>\n<p>Tel: 023-63822511<\/p>\n<p>Per informazioni relative alle opportunit\u00e0 di studio in Italia \u00e8 possibile contattare anche il numero 23-63319092, o mandare una e-mail all\u2019indirizzo\u00a0<a href=\"mailto:chongqing@uni-italia.it\">chongqing@uni-italia.it<\/a><\/p>\n<p>&nbsp;<\/p>\n<p><strong>UFFICIO AMMINISTRATIVO <\/strong><strong>\u2013 CONTABILE<\/strong><\/p>\n<p>Indirizzo e-mail: chongqing.admin@esteri.it<\/p>\n<p>Tel: 023-63316595<\/p>\n<p><strong>\u00a0<\/strong><\/p>\n<p><strong>CALENDARIO DELLE FESTIVITA\u2019 PER L\u2019ANNO 2025<\/strong><\/p>\n<p>Mercoled\u00ec 01 gennaio \u2013 Capodanno<\/p>\n<p>Mercoled\u00ec 29 gennaio \u2013 Capodanno Cinese<\/p>\n<p>Luned\u00ec 21 aprile \u2013 Luned\u00ec dell\u2019Angelo<\/p>\n<p>Venerd\u00ec 25 aprile \u2013 Anniversario della Liberazione<\/p>\n<p>Gioved\u00ec 01 maggio \u2013 Festa del Lavoro<\/p>\n<p>Sabato 31 maggio \u2013 Festa delle Barche Drago<\/p>\n<p>Luned\u00ec 02 giugno \u2013 Festa Nazionale della Repubblica<\/p>\n<p>Venerd\u00ec 15 agosto \u2013 Assunzione della B.V. Maria<\/p>\n<p>Mercoled\u00ec 01 ottobre \u2013 Festa Nazionale Cinese<\/p>\n<p>Gioved\u00ec 25 dicembre \u2013 Natale<\/p>\n<p>Venerd\u00ec 26 dicembre \u2013 Santo Stefano<\/p>\n<p>&nbsp;<\/p>\n<p><strong>CALENDARIO DELLE FESTIVITA\u2019 PER L\u2019ANNO 2026<\/strong><\/p>\n<p>Gioved\u00ec 01 gennaio \u2013 Capodanno<\/p>\n<p>Marted\u00ec 17 febbraio \u2013 Capodanno Cinese<\/p>\n<p>Luned\u00ec 6 aprile \u2013 Luned\u00ec dell\u2019Angelo<\/p>\n<p>Sabato 25 aprile \u2013 Anniversario della Liberazione<\/p>\n<p>Venerd\u00ec 01 maggio \u2013 Festa del Lavoro<\/p>\n<p>Marted\u00ec 02 giugno \u2013 Festa Nazionale della Repubblica<\/p>\n<p>Venerd\u00ec 19 giugno\u00a0\u2013 Festa delle Barche Drago<\/p>\n<p>Sabato 15 agosto \u2013 Assunzione della B.V. Maria<\/p>\n<p>Gioved\u00ec 01 ottobre \u2013 Festa Nazionale Cinese<\/p>\n<p>Domenica 04 ottobre \u2013 Festa di San Francesco d&#8217;Assisi<\/p>\n<p>Venerd\u00ec 25 dicembre \u2013 Natale<\/p>\n<p>Sabato 26 dicembre \u2013 Santo Stefano<\/p>\n<p>&nbsp;<\/p>\n<p>&nbsp;<\/p>\n<p>Aggiornato in data 02\/11\/2026<\/p>\n","protected":false},"excerpt":{"rendered":"Consolato Generale d\u2019Italia a Chongqing Chongqing World Financial Centre (WFC), No.188, Minzu Road Yuzhong District, Chongqing 400010, Repubblica Popolare Cinese CONTATTI Segreteria Tel: 0086 23-63822511 Fax: 0086 23-63832544 E-mail:\u00a0chongqing.segreteria@esteri.it PEC:\u00a0con.chongqing@cert.esteri.it UFFICIO SERVIZI CONSOLARI (STATO CIVILE, ANAGRAFE, VISTI E PASSAPORTI)\u00a0 SEZIONE STATO CIVILE, ANAGRAFE E PASSAPORTI Aperta al pubblico dal luned\u00ec al venerd\u00ec dalle 10:00 alle [&hellip;]","protected":false},"author":3,"featured_media":0,"parent":11,"menu_order":0,"comment_status":"closed","ping_status":"closed","template":"","meta":{"footnotes":""},"class_list":["post-49","page","type-page","status-publish","hentry"],"_links":{"self":[{"href":"https:\/\/conschongqing.esteri.it\/it\/wp-json\/wp\/v2\/pages\/49","targetHints":{"allow":["GET"]}}],"collection":[{"href":"https:\/\/conschongqing.esteri.it\/it\/wp-json\/wp\/v2\/pages"}],"about":[{"href":"https:\/\/conschongqing.esteri.it\/it\/wp-json\/wp\/v2\/types\/page"}],"author":[{"embeddable":true,"href":"https:\/\/conschongqing.esteri.it\/it\/wp-json\/wp\/v2\/users\/3"}],"replies":[{"embeddable":true,"href":"https:\/\/conschongqing.esteri.it\/it\/wp-json\/wp\/v2\/comments?post=49"}],"version-history":[{"count":4,"href":"https:\/\/conschongqing.esteri.it\/it\/wp-json\/wp\/v2\/pages\/49\/revisions"}],"predecessor-version":[{"id":6410,"href":"https:\/\/conschongqing.esteri.it\/it\/wp-json\/wp\/v2\/pages\/49\/revisions\/6410"}],"up":[{"embeddable":true,"href":"https:\/\/conschongqing.esteri.it\/it\/wp-json\/wp\/v2\/pages\/11"}],"wp:attachment":[{"href":"https:\/\/conschongqing.esteri.it\/it\/wp-json\/wp\/v2\/media?parent=49"}],"curies":[{"name":"wp","href":"https:\/\/api.w.org\/{rel}","templated":true}]}}