{"id":52,"date":"2022-12-28T11:38:09","date_gmt":"2022-12-28T10:38:09","guid":{"rendered":"https:\/\/conschongqing.esteri.it\/?page_id=52"},"modified":"2023-11-29T08:40:03","modified_gmt":"2023-11-29T07:40:03","slug":"cooperazione-allo-sviluppo","status":"publish","type":"page","link":"https:\/\/conschongqing.esteri.it\/it\/italia-e-cina\/cooperazione-allo-sviluppo\/","title":{"rendered":"Cooperazione allo sviluppo"},"content":{"rendered":"<p>La cooperazione internazionale allo sviluppo sostenibile \u00e8 parte integrante e qualificante della politica estera dell\u2019Italia. Essa si ispira ai princ\u00ecpi della Carta delle Nazioni Unite ed alla Carta dei diritti fondamentali dell\u2019Unione europea. La sua azione, conformemente al principio di cui all\u2019articolo 11 della Costituzione, contribuisce alla promozione della pace e della giustizia e mira a promuovere relazioni solidali e paritarie tra i popoli fondate sui princ\u00ecpi di interdipendenza e partenariato.<\/p>\n<p>La cooperazione allo sviluppo italiana nei decenni \u00e8 andata strutturandosi e rafforzandosi sul fronte degli strumenti, delle sue ambizioni e dei partenariati interni ed esterni ed ha giocato un ruolo crescente anche in seno al G7, al G20 e nel pi\u00f9 ampio quadro multilaterale. In ambito bilaterale, la cooperazione allo sviluppo ha inoltre contribuito a rafforzare le relazioni con numerosi Paesi partner nel Mediterraneo, in Africa, nel Medio Oriente, in Asia e in America Latina.<\/p>\n<p>Ai sensi della legge n. 125 dell\u201911 agosto 2014, che disciplina la cooperazione allo sviluppo italiana, il Documento triennale di programmazione ed indirizzo rappresenta il testo di riferimento fondamentale di tutto il sistema italiano di cooperazione allo sviluppo, tramite cui gli Obiettivi di Sviluppo Sostenibile contenuti nell\u2019Agenda 2030 delle Nazioni Unite vengono declinati all\u2019interno della strategia triennale di cooperazione allo sviluppo. Tale Documento \u00e8 frutto di un lavoro di consultazione e di condivisione svolto dalla Direzione Generale per la Cooperazione allo Sviluppo (DGCS) del MAECI e alla cui realizzazione contribuiscono l\u2019Agenzia Italiana per la Cooperazione allo Sviluppo (AICS), le altre Amministrazioni che si occupano di cooperazione allo sviluppo, Cassa Depositi e Prestiti, le Regioni e gli Enti Locali, le Organizzazioni della Societ\u00e0 Civile (OSC) e gli altri soggetti del sistema della cooperazione allo sviluppo.<\/p>\n<p>Il Documento attualmente in vigore, valido per il triennio 2021-2023, ha identificato 20 Paesi prioritari, scelti per legami storici, relazioni bilaterali consolidate, ragioni di politica estera, stabilit\u00e0 e sicurezza internazionale: 11 in Africa (Egitto, Tunisia, Etiopia, Kenya, Somalia, Sudan, Burkina Faso, Mali, Niger, Senegal, Mozambico), 4 nell\u2019area mediorientale (Giordania, Iraq, Libano, Territori Palestinesi), 1 nell\u2019Europa balcanica (Albania), 2 in Asia (Afghanistan, Myanmar), 2 in America latina (Cuba, El Salvador).<\/p>\n<p>L\u2019azione della Cooperazione italiana parte dal presupposto che la crescita economica non sia sufficiente per ridurre la povert\u00e0 e che essa debba essere inclusiva e in grado di coinvolgere le tre dimensioni dello sviluppo sostenibile: economica, sociale e ambientale. Per dare conto della multidimensionalit\u00e0 dello sviluppo, i settori di intervento identificati come prioritari dal Documento triennale sono i seguenti: sviluppo economico (con particolare focus sull\u2019occupazione di donne e giovani), sviluppo sostenibile, sicurezza alimentare, sostegno ai sistemi sanitari pubblici, protezione dei minori e, pi\u00f9 in generale, attivit\u00e0 di institution building. Trasversale a tutti i settori \u00e8 l\u2019uguaglianza di genere, che mira a favorire l\u2019emancipazione femminile e a rafforzare processi di crescita ad ampio spettro. Nell\u2019attivit\u00e0 di programmazione degli interventi, la Cooperazione italiana ha come punto di riferimento le 5 \u201cP\u201d (Persone, Pianeta, Prosperit\u00e0, Pace, Partenariato) dell\u2019Agenda 2030, il paradigma cui la Comunit\u00e0 internazionale ha aderito con l\u2019obiettivo di consegnare alle generazioni future un pianeta all\u2019insegna della sostenibilit\u00e0.<\/p>\n<p>&nbsp;<\/p>\n","protected":false},"excerpt":{"rendered":"La cooperazione internazionale allo sviluppo sostenibile \u00e8 parte integrante e qualificante della politica estera dell\u2019Italia. Essa si ispira ai princ\u00ecpi della Carta delle Nazioni Unite ed alla Carta dei diritti fondamentali dell\u2019Unione europea. La sua azione, conformemente al principio di cui all\u2019articolo 11 della Costituzione, contribuisce alla promozione della pace e della giustizia e mira [&hellip;]","protected":false},"author":3,"featured_media":0,"parent":18,"menu_order":0,"comment_status":"closed","ping_status":"closed","template":"","meta":{"footnotes":""},"class_list":["post-52","page","type-page","status-publish","hentry"],"_links":{"self":[{"href":"https:\/\/conschongqing.esteri.it\/it\/wp-json\/wp\/v2\/pages\/52","targetHints":{"allow":["GET"]}}],"collection":[{"href":"https:\/\/conschongqing.esteri.it\/it\/wp-json\/wp\/v2\/pages"}],"about":[{"href":"https:\/\/conschongqing.esteri.it\/it\/wp-json\/wp\/v2\/types\/page"}],"author":[{"embeddable":true,"href":"https:\/\/conschongqing.esteri.it\/it\/wp-json\/wp\/v2\/users\/3"}],"replies":[{"embeddable":true,"href":"https:\/\/conschongqing.esteri.it\/it\/wp-json\/wp\/v2\/comments?post=52"}],"version-history":[{"count":1,"href":"https:\/\/conschongqing.esteri.it\/it\/wp-json\/wp\/v2\/pages\/52\/revisions"}],"predecessor-version":[{"id":3602,"href":"https:\/\/conschongqing.esteri.it\/it\/wp-json\/wp\/v2\/pages\/52\/revisions\/3602"}],"up":[{"embeddable":true,"href":"https:\/\/conschongqing.esteri.it\/it\/wp-json\/wp\/v2\/pages\/18"}],"wp:attachment":[{"href":"https:\/\/conschongqing.esteri.it\/it\/wp-json\/wp\/v2\/media?parent=52"}],"curies":[{"name":"wp","href":"https:\/\/api.w.org\/{rel}","templated":true}]}}