{"id":607,"date":"2023-05-04T10:28:12","date_gmt":"2023-05-04T08:28:12","guid":{"rendered":"https:\/\/conschongqing.esteri.it\/?page_id=607"},"modified":"2023-11-27T10:38:53","modified_gmt":"2023-11-27T09:38:53","slug":"autocertificazione","status":"publish","type":"page","link":"https:\/\/conschongqing.esteri.it\/it\/servizi-consolari-e-visti\/servizi-per-il-cittadino-italiano\/autocertificazione\/","title":{"rendered":"Autocertificazione"},"content":{"rendered":"<p>Cosa \u00e8 l\u2019autocertificazione?<br \/>\nE&#8217; una dichiarazione che l&#8217;interessato redige e sottoscrive nel proprio interesse su stati, fatti e qualit\u00e0 personali e che utilizza nei rapporti con la Pubblica Amministrazione e con i concessionari ed i gestori di pubblici servizi.<\/p>\n<p>Nel rapporto con un soggetto privato il ricorso all&#8217;autocertificazione \u00e8 rimandato alla discrezionalit\u00e0 di quest&#8217;ultimo. Le dichiarazione pu\u00f2 sostituire le normali certificazioni e gli atti notori.<\/p>\n<p>Infatti, con l&#8217;entrata in vigore del D.P.R. 28 dicembre 2000 n\u00b0 445, si \u00e8 messo in atto un importante processo di semplificazione amministrativa per riformare la Pubblica Amministrazione e farla funzionare in maniera pi\u00f9 efficace e trasparente.<\/p>\n<p>Dal 1 gennaio 2012 sono entrate in vigore le nuove disposizioni in materia di certificati e di dichiarazioni sostitutive, di cui all&#8217;art. 15 della legge 12 novembre 2011 n. 183. A decorrere da tale data i certificati avranno pertanto validita&#8217; solo nei rapporti tra privati, mentre le Amministrazioni Pubbliche (italiane) non potranno piu&#8217; chiedere o accettare i certificati &#8211; che dovranno essere sempre sostituiti da autocertificazioni.<br \/>\nSui certificati eventualmente prodotti a richiesta di privati sar\u00e0 inoltre apposta, a pena di nullita&#8217;, la dicitura &#8220;il presente certificato non puo&#8217; essere prodotto agli organi della Pubblica Amministrazione o ai privati gestori di pubblici servizi&#8221;. Si evidenzia che tale dicitura resta intesa esclusivamente per la Pubblica Amministrazione italiana e i Pubblici servizi italiani mentre rimane invariata la validit\u00e0 di tali certificazioni per le Autorit\u00e0 straniere.<br \/>\nLe varie Amministrazioni interessate opereranno per assicurare gli idonei controlli, anche a campione.<br \/>\nLa nuova disposizione risponde alle attese da tempo diffuse tra cittadini e imprese e completa il cammino verso la completa eliminazione dei certificati.<br \/>\nLa Pubblica Amministrazione e i gestori di Pubblici Servizi dovranno assicurare effettivita&#8217; al principio, da tempo presente nel nostro ordinamento, per cui l&#8217;Amministrazione non deve chiedere al cittadino e all&#8217;impresa &#8220;quello che gia&#8217; sa&#8221; (dati e informazioni in proprio possesso).<\/p>\n<p><a href=\"https:\/\/conschongqing.esteri.it\/wp-content\/uploads\/2023\/05\/modulo_autocertificazione.doc\">Modulo autocertificazione<\/a><\/p>\n<p><a href=\"https:\/\/conschongqing.esteri.it\/wp-content\/uploads\/2023\/05\/69266_f_cons5714dichiarazionjesostitutivadicertificazionimodello_3-1.doc\">Dichiarazione sostitutiva di certificazione<\/a><\/p>\n<p>Per maggiori informazioni si potr\u00e0 consultare la seguente normativa di riferimento:<\/p>\n<div class=\"entry-content\">\n<p><strong>NORMATIVA DI RIFERIMENTO<\/strong><\/p>\n<ul>\n<li>D.P.R.\u00a0 28 dicembre 2000, n. 445. Testo unico delle disposizioni legislative e regolamentari in materia di documentazione amministrativa.<\/li>\n<li>Legge n.183\/2011 \u2013 Disposizioni per la formazione del bilancio annuale e pluriennale dello Stato (Legge di stabilit\u00e0 2012).<\/li>\n<li><a title=\"Direttiva Ministro Pubblica Amministrazione e della Semplificazione n.14\/2011\" href=\"https:\/\/www.esteri.it\/mae\/normative\/Normativa_Consolare\/ServiziConsolari\/stato_civile\/2011_Direttiva_Ministro_Pubblica_Amministrazione_n14_2011.pdf\">Direttiva Ministro Pubblica Amministrazione e della Semplificazione n.14\/2011<\/a>. Adempimenti urgenti per l\u2019applicazione delle nuove disposizioni in materia di certificati e dichiarazioni sostitutive di cui all\u2019articolo 15 della legge 12 novembre 2011, n.183.<\/li>\n<li><a title=\"Circolare Ministero dell\u2019Interno n.4\/2012\" href=\"https:\/\/www.esteri.it\/mae\/normative\/Normativa_Consolare\/ServiziConsolari\/stato_civile\/2012_Circolare_4-2012MinInterno.pdf\">Circolare Ministero dell\u2019Interno n.4\/2012<\/a>. Art. 15, c. 1, legge n. 183\/2011. Norme in materia di certificati e dichiarazioni sostitutive.<\/li>\n<\/ul>\n<p>Per la consultazione della normativa italiana vigente si consiglia di visitare il sito\u00a0<a href=\"http:\/\/www.normattiva.it\/\">www.normattiva.it<\/a>.<\/p>\n<\/div>\n","protected":false},"excerpt":{"rendered":"Cosa \u00e8 l\u2019autocertificazione? E&#8217; una dichiarazione che l&#8217;interessato redige e sottoscrive nel proprio interesse su stati, fatti e qualit\u00e0 personali e che utilizza nei rapporti con la Pubblica Amministrazione e con i concessionari ed i gestori di pubblici servizi. Nel rapporto con un soggetto privato il ricorso all&#8217;autocertificazione \u00e8 rimandato alla discrezionalit\u00e0 di quest&#8217;ultimo. Le [&hellip;]","protected":false},"author":4,"featured_media":0,"parent":57,"menu_order":0,"comment_status":"closed","ping_status":"closed","template":"","meta":{"footnotes":""},"class_list":["post-607","page","type-page","status-publish","hentry"],"_links":{"self":[{"href":"https:\/\/conschongqing.esteri.it\/it\/wp-json\/wp\/v2\/pages\/607","targetHints":{"allow":["GET"]}}],"collection":[{"href":"https:\/\/conschongqing.esteri.it\/it\/wp-json\/wp\/v2\/pages"}],"about":[{"href":"https:\/\/conschongqing.esteri.it\/it\/wp-json\/wp\/v2\/types\/page"}],"author":[{"embeddable":true,"href":"https:\/\/conschongqing.esteri.it\/it\/wp-json\/wp\/v2\/users\/4"}],"replies":[{"embeddable":true,"href":"https:\/\/conschongqing.esteri.it\/it\/wp-json\/wp\/v2\/comments?post=607"}],"version-history":[{"count":1,"href":"https:\/\/conschongqing.esteri.it\/it\/wp-json\/wp\/v2\/pages\/607\/revisions"}],"predecessor-version":[{"id":3522,"href":"https:\/\/conschongqing.esteri.it\/it\/wp-json\/wp\/v2\/pages\/607\/revisions\/3522"}],"up":[{"embeddable":true,"href":"https:\/\/conschongqing.esteri.it\/it\/wp-json\/wp\/v2\/pages\/57"}],"wp:attachment":[{"href":"https:\/\/conschongqing.esteri.it\/it\/wp-json\/wp\/v2\/media?parent=607"}],"curies":[{"name":"wp","href":"https:\/\/api.w.org\/{rel}","templated":true}]}}