{"id":6686,"date":"2026-04-01T09:16:50","date_gmt":"2026-04-01T07:16:50","guid":{"rendered":"https:\/\/conschongqing.esteri.it\/?page_id=6686"},"modified":"2026-04-01T09:16:50","modified_gmt":"2026-04-01T07:16:50","slug":"informativa-sul-trattamento-dei-dati-personali","status":"publish","type":"page","link":"https:\/\/conschongqing.esteri.it\/it\/chi-siamo\/contatti\/informativa-sul-trattamento-dei-dati-personali\/","title":{"rendered":"Informativa sul trattamento dei dati personali"},"content":{"rendered":"<p><strong>Informativa sulla protezione delle persone fisiche con riguardo al trattamento dei dati personali (Regolamento Generale sulla Protezione dei Dati (UE) 2016\/679, art. 13)<\/strong><\/p>\n<p>Il trattamento dei dati personali chiesti per accedere al servizio di informazioni al pubblico del Ministero degli Affari Esteri e della Cooperazione internazionale (MAECI) \u00a0sar\u00e0 improntato ai principi di liceit\u00e0, correttezza e trasparenza a tutela dei diritti e delle libert\u00e0 fondamentali delle persone fisiche.<\/p>\n<p>A tal fine, si forniscono le seguenti informazioni:<\/p>\n<ol>\n<li>Il titolare del trattamento \u00e8 il MAECI\u00a0 il quale opera, nel caso specifico, per il tramite dell\u2019Ufficio Relazioni con il Pubblico e Risorse per la Comunicazione del Servizio per la Stampa e la Comunicazione Istituzionale, contattabile all\u2019indirizzo mail:\u00a0<a href=\"mailto:urp@esteri.it\">urp@esteri.it<\/a><\/li>\n<li>Per\u00a0 quesiti o reclami si pu\u00f2\u00a0 contattare il Responsabile della Protezione dei Dati personali (RPD) del MAECI (indirizzo postale: Ministero degli Affari Esteri e della Cooperazione internazionale, Piazzale della Farnesina 1, 00135 ROMA; telefono 0039 06 36911 (centralino); mail:\u00a0<a href=\"mailto:rpd@esteri.it\">rpd@esteri.it<\/a>; pec:\u00a0<a href=\"mailto:rpd@cert.esteri.it\">rpd@cert.esteri.it<\/a>.<\/li>\n<li>I dati personali chiesti sono necessari per identificare l\u2019utenza e consentire una corretta gestione della corrispondenza.<\/li>\n<li>Il trattamento dei dati \u00e8 svolto sulla base del consenso dell\u2019interessato. L\u2019eventuale rifiuto a fornire i dati chiesti (o la revoca del consenso) comporta la mancata erogazione del servizio (o la sua interruzione).<\/li>\n<li>Il trattamento dei dati sar\u00e0 effettuato in modalit\u00e0 mista (automatizzata \u00a0e manuale) da personale appositamente incaricato.<\/li>\n<li>I dati non saranno comunicati a soggetti terzi, ma saranno disponibili solo all\u2019interno del MAECI (Sede centrale e rete diplomatico-consolare).<\/li>\n<li>I dati saranno conservati per un periodo massimo di due anni.<\/li>\n<li>L\u2019interessato pu\u00f2 chiedere l\u2019accesso ai propri dati personali e la loro rettifica. Alle condizioni\u00a0 previste dalla normativa vigente, egli pu\u00f2 altres\u00ec chiedere la cancellazione di tali dati, nonch\u00e9 la limitazione del trattamento o l\u2019opposizione al \u00a0trattamento. In questi casi, l\u2019interessato dovr\u00e0 presentare apposita richiesta a\u00a0<a href=\"mailto:urp@esteri.it\">urp@esteri.it<\/a>, informando per conoscenza l\u2019RPD del MAECI.<\/li>\n<li>Se ritiene che i suoi diritti siano stati violati, l\u2019interessato pu\u00f2 presentare un reclamo all\u2019RPD del MAECI. In alternativa, pu\u00f2 rivolgersi al Garante per la Protezione dei Dati personali (Piazza di Monte Citorio 121, 00186 ROMA, tel. 0039 06 696771 (centralino), mail:\u00a0<a href=\"mailto:garante@gpdp.it\">garante@gpdp.it<\/a>, pec:\u00a0<a href=\"mailto:protocollo@pec.gpdp.it\">protocollo@pec.gpdp.it<\/a>).<\/li>\n<\/ol>\n","protected":false},"excerpt":{"rendered":"Informativa sulla protezione delle persone fisiche con riguardo al trattamento dei dati personali (Regolamento Generale sulla Protezione dei Dati (UE) 2016\/679, art. 13) Il trattamento dei dati personali chiesti per accedere al servizio di informazioni al pubblico del Ministero degli Affari Esteri e della Cooperazione internazionale (MAECI) \u00a0sar\u00e0 improntato ai principi di liceit\u00e0, correttezza e [&hellip;]","protected":false},"author":8,"featured_media":0,"parent":49,"menu_order":0,"comment_status":"closed","ping_status":"closed","template":"","meta":{"footnotes":""},"class_list":["post-6686","page","type-page","status-publish","hentry"],"_links":{"self":[{"href":"https:\/\/conschongqing.esteri.it\/it\/wp-json\/wp\/v2\/pages\/6686","targetHints":{"allow":["GET"]}}],"collection":[{"href":"https:\/\/conschongqing.esteri.it\/it\/wp-json\/wp\/v2\/pages"}],"about":[{"href":"https:\/\/conschongqing.esteri.it\/it\/wp-json\/wp\/v2\/types\/page"}],"author":[{"embeddable":true,"href":"https:\/\/conschongqing.esteri.it\/it\/wp-json\/wp\/v2\/users\/8"}],"replies":[{"embeddable":true,"href":"https:\/\/conschongqing.esteri.it\/it\/wp-json\/wp\/v2\/comments?post=6686"}],"version-history":[{"count":1,"href":"https:\/\/conschongqing.esteri.it\/it\/wp-json\/wp\/v2\/pages\/6686\/revisions"}],"predecessor-version":[{"id":6687,"href":"https:\/\/conschongqing.esteri.it\/it\/wp-json\/wp\/v2\/pages\/6686\/revisions\/6687"}],"up":[{"embeddable":true,"href":"https:\/\/conschongqing.esteri.it\/it\/wp-json\/wp\/v2\/pages\/49"}],"wp:attachment":[{"href":"https:\/\/conschongqing.esteri.it\/it\/wp-json\/wp\/v2\/media?parent=6686"}],"curies":[{"name":"wp","href":"https:\/\/api.w.org\/{rel}","templated":true}]}}