{"id":80,"date":"2022-12-28T11:40:01","date_gmt":"2022-12-28T10:40:01","guid":{"rendered":"https:\/\/conschongqing.esteri.it\/?page_id=80"},"modified":"2025-02-26T11:13:24","modified_gmt":"2025-02-26T10:13:24","slug":"visti","status":"publish","type":"page","link":"https:\/\/conschongqing.esteri.it\/it\/servizi-consolari-e-visti\/servizi-per-il-cittadino-straniero\/visti\/","title":{"rendered":"Visti"},"content":{"rendered":"<p><strong>AVVISI IMPORTANTI<\/strong><\/p>\n<p><strong>Prima di presentare domanda di visto i richiedenti sono pregati di leggere tutte le informazioni pubblicate nella presente pagina e suoi link.<\/strong><\/p>\n<ul>\n<li>A partire dall\u201911 gennaio 2025 si dovr\u00e0 procedere obbligatoriamente con l\u2019acquisizione delle impronte digitali anche per i visti d\u2019ingresso nazionali (tipo D). Le modalit\u00e0 di acquisizione e le eventuali eccezioni sono le stesse attualmente in vigore per i visti di corto soggiorno (art. 13 del Codice Visti).<\/li>\n<li>I richiedenti \u2013 indipendentemente dal tipo di visto richiesto \u2013 dovranno presentare domanda di visto\u00a0<strong>presso il Consolato Generale di riferimento<\/strong>\u00a0per la propria residenza in base alla ripartizione geografica delle<strong>\u00a0<\/strong><a href=\"https:\/\/ambpechino.esteri.it\/it\/chi-siamo\/la-rete-consolare\/\"><strong>circoscrizioni consolari italiane<\/strong><\/a><strong>\u00a0<\/strong>nella R.P.C.<\/li>\n<li>Ogni richiedente deve\u00a0<strong>compilare e firmare il modulo di domanda per il visto<\/strong>\u00a0ed \u00e8 responsabile anche per la veridicit\u00e0 e completezza della documentazione accessoria presentata. Si raccomanda inoltre di non condividere i propri dati personali a terzi.<\/li>\n<\/ul>\n<p>&nbsp;<\/p>\n<p><a href=\"https:\/\/conschongqing.esteri.it\/wp-content\/uploads\/2025\/02\/Formulario-Nazionale.pdf\">FORMULARIO VISTO NAZIONALE (PI\u00d9 DI 90 GIORNI)<\/a><\/p>\n<p><a href=\"https:\/\/conschongqing.esteri.it\/wp-content\/uploads\/2025\/02\/Formulario-Schengen.pdf\">FORMULARIO VISTO SCHENGEN (FINO A 90 GIORNI)<\/a><\/p>\n<p>&nbsp;<\/p>\n<p><strong>VUOI ANDARE IN ITALIA? HAI BISOGNO DI UN VISTO!<\/strong><\/p>\n<p>Scopri qual \u00e8 il visto corretto in base alle tue esigenze. Informati su quali documenti preparare e dove poter presentare domanda di visto. Scopri come usare correttamente i differenti tipi di visto, quali sono i tuoi diritti e quali i tuoi doveri seguendo le indicazioni qui di seguito.<\/p>\n<p>&nbsp;<\/p>\n<p><strong>TIPOLOGIE DI VISTO<\/strong><\/p>\n<p>Turismo (individuale e gruppi ADS)<br \/>\nAffari<br \/>\nVisita a familiari e amici<br \/>\nEventi culturali e sportivi<br \/>\nLavoro<br \/>\nRicerca<br \/>\nStudio<br \/>\nRicongiungimento familiare<br \/>\nAltre tipologie di visto<\/p>\n<p><strong>DATI BIOMETRICI (VISA INFORMATION SYSTEM)<\/strong><\/p>\n<p>A partire dal 12 ottobre 2015 tutti i richiedenti visto, al momento della richiesta di visto Schengen, dovranno fornire i loro dati biometrici (le impronte digitali delle dieci dita delle mani e una foto). I richiedenti dovranno presentarsi di persona al momento della domanda di visto. Le informazioni sui dati biometrici per i visti Schengen saranno conservate per 59 mesi, per eventuali successive richieste di visto non si dovranno prelevare nuovamente le impronte, e per la richiesta di visto non sar\u00e0 quindi necessario presentare richiesta di persona.<\/p>\n<p>L\u2019esenzione dall&#8217;obbligo di raccolta delle impronte digitali \u00e8 prevista per: bambini di et\u00e0 inferiore ai 12 anni e persone per le quali la raccolta delle impronte digitali \u00e8 fisicamente impossibile. Sono altres\u00ec esentati, in occasione di visite ufficiali, i Capi di Stato e i membri del Governo, assieme ai componenti della delegazione al seguito e ai coniugi.<\/p>\n<p><strong>DOVE FARE DOMANDA DI VISTO IN CINA<\/strong><\/p>\n<p>La domanda di visto pu\u00f2 essere presentata:<\/p>\n<p>a) presso il Consolato Generale d&#8217;Italia a Chongqing:<\/p>\n<p>Per informazioni o per richiedere un appuntamento si prega di scrivere a\u00a0chongqing.visti@esteri.it<\/p>\n<p>b) presso i Centri visti in outsourcing\u00a0<a href=\"https:\/\/www.vfsglobal.cn\/italy\/china\/Chong-Qing\/index.html\">VFS<\/a>\u00a0presenti nella circoscrizione.<\/p>\n<p><a href=\"https:\/\/www.vfsglobal.cn\/italy\/china\/\">VFS<\/a>\u00a0\u00e8 un fornitore di servizi, gestito da una societ\u00e0 privata, autorizzato dal Consolato a ricevere le domande di visto. La valutazione e la decisione in merito alle stesse \u00e8 comunque di totale competenza dell\u2019Ufficio Visti.<\/p>\n<p>Per appuntamenti e orari d\u2019apertura, consultare il sito:\u00a0<a href=\"https:\/\/visa.vfsglobal.com\/chn\/en\/ita\">https:\/\/visa.vfsglobal.com\/chn\/en\/ita<\/a><\/p>\n<p><strong><u>A partire dal\u00a0<\/u><\/strong><strong><u>22<\/u><\/strong> <strong><u>Marzo<\/u><\/strong><strong><u> 2024<\/u><\/strong><strong><u>\u00a0le richieste di\u00a0Visto Nazionale (tipo \u201cD\u201d \u2013 da 91 a 365 giorni)\u00a0devono essere presentate\u00a0direttamente allo Sportello del Consolato<\/u><\/strong>, previo appuntamento utilizzando il seguente link: \u00a0<strong><a href=\"https:\/\/prenotami.esteri.it\/\">Prenot@mi<\/a><\/strong>.\u00a0 Le richieste dei\u00a0<strong>Visti Schengen (tipo \u201cC\u201d da 1 a 90 giorni)<\/strong>\u00a0continueranno, invece, ad essere ricevute presso i<strong>\u00a0<\/strong><a href=\"https:\/\/visa.vfsglobal.com\/chn\/en\/ita\"><strong>Centri Visti IVAC<\/strong><\/a>)<strong>. <\/strong><\/p>\n<p>I richiedenti \u2013 indipendentemente dal tipo di visto richiesto, tipo \u201cC\u201d o tipo \u201cD\u201d \u2013 dovranno presentare domanda in base alla <strong>ripartizione geografica<\/strong> delle<strong>\u00a0<\/strong><a href=\"https:\/\/ambpechino.esteri.it\/it\/chi-siamo\/la-rete-consolare\/\"><strong>circoscrizioni consolari italiane<\/strong><\/a><\/p>\n<p>&nbsp;<\/p>\n<p><strong>VFS CHONGQING<\/strong><\/p>\n<p><strong>E-mail<\/strong>:\u00a0<a href=\"mailto:infocq.itacn@vfshelpline.com\">infocq.itacn@vfshelpline.com<\/a><br \/>\n<strong>Indirizzo<\/strong>: Room 7, 3F, Tower B, Reliance Center, No. 2 Xihu Zhi Road, Liangjiang New Area, Chongqing, 401147, China<br \/>\n<strong>Orario di accettazione richieste<\/strong>: Lunedi &#8211; Venerdi: 8.00 &#8211; 20.00 \/ Sabato &#8211; Domenica: 9.00\u00a0 &#8211; 19.00 (previo appuntamento)<br \/>\n<strong>Orario di distribuzione passaporti<\/strong>: Lunedi &#8211; Venerdi: 8.00 &#8211; 20.00<\/p>\n<p><strong>VFS\u00a0CHENGDU<\/strong><\/p>\n<p><strong>E-mail<\/strong>:\u00a0<a href=\"mailto:infoctu.itacn@vfshelpline.com\">infoctu.itacn@vfshelpline.com<\/a><br \/>\n<strong>Indirizzo<\/strong>: Room 3204, 32F, tower A, Chengdu Maoye Plaza, No.19 Dongyu Street, Jinjiang District, Chengdu, 610000, China<br \/>\n<strong>Orario di accettazione richieste<\/strong>: Lunedi &#8211; Venerdi: 8.00 &#8211; 20.00 \/ Sabato &#8211; Domenica: 9.00\u00a0 &#8211; 19.00 (previo appuntamento)<br \/>\n<strong>Orario di distribuzione passaport<\/strong>i: Lunedi &#8211; Venerdi: 8.00 &#8211; 20.00<\/p>\n<p><strong>VFS KUNMING<\/strong><\/p>\n<p><strong>E-mail:\u00a0<\/strong><a href=\"mailto:infokm.itacn@vfshelpline.com\">infokm.itacn@vfshelpline.com<\/a><strong><br \/>\nIndirizzo<\/strong>: 1501B, Building A, Low Carbon Business Center, No.12 Shibo Road, Kunming, 650000, China<br \/>\n<strong>Orario di accettazione richieste<\/strong>: Lunedi\u00a0 &#8211; Venerdi: 8.00 &#8211; 20.00 \/ Sabato\u00a0 &#8211; Domenica: 9.00\u00a0 &#8211; 19.00 (previo appuntamento)<br \/>\n<strong>Orario di distribuzione passaporti<\/strong>: Lunedi\u00a0 &#8211; Venerdi: 8.00 &#8211; 20.00<\/p>\n<p>I cittadini cinesi residenti a Hong Kong o a Macao devono presentare domanda di visto presso il Consolato Generale d\u2019Italia ad\u00a0<a href=\"http:\/\/www.conshongkong.esteri.it\/Consolato_HongKong\" target=\"_blank\" rel=\"noopener\">Hong Kong<\/a>.<\/p>\n<p><strong>CHI PUO\u2019 FARE DOMANDA DI VISTO<\/strong><\/p>\n<p>Possono presentare domanda di visto tutti i cittadini cinesi residenti in una delle 4 Circoscrizioni Consolari del territorio della Repubblica Popolare Cinese, presso il Consolato dela propria Circosrizione di residenza.<\/p>\n<p>Possono altres\u00ec presentare domanda di visto i cittadini di quei Paesi per cui \u00e8 previsto l\u2019obbligo di visto (controlla\u00a0<strong><a href=\"https:\/\/www.esteri.it\/it\/servizi-consolari-e-visti\/ingressosoggiornoinitalia\/visto_ingresso\/paesi_soggetti_visto\/\">qui<\/a><\/strong> per conoscere per quali Paesi \u00e8 necessario), cosi\u2019 come gli stranieri provenienti da Paesi soggetti a obbligo di visto, che siano regolarmente residenti in una delle 4 Circosrizioni di cui sopra.<\/p>\n<p><strong>Viaggi di gruppo ADS<\/strong><\/p>\n<p>Sulla base del Memorandum of Understandings tra Unione Europea e Cina, le domande di visto per turismo di gruppo ADS (Approved Status Destination) sono presentate dai tour operator autorizzati. Gli appuntamenti per la raccolta delle biometrie dei richiedenti sono fissati per l\u2019intero gruppo.<\/p>\n<p>I tour operator cinesi interessati all\u2019accreditamento (white badge) devono seguire le procedure previste (<a href=\"https:\/\/eeas.europa.eu\/delegations\/china\/15985\/manual-sanctions-related-ads_en\"><strong>LINK<\/strong><\/a>). Per informazioni \u00e8 possibile scrivere a <a href=\"mailto:chongqing.visti@esteri.it\">chongqing.visti@esteri.it<\/a>.<\/p>\n<p><strong>Titolari di passaporto Diplomatico, di Servizio o per Affari Pubblici della Repubblica Popolare Cinese<\/strong><\/p>\n<p>In base alla normativa cinese, tutti i titolari di passaporti diplomatici, di servizio e per affari pubblici devono presentare domanda di visto attraverso il Dipartimento Affari Consolari del Ministero degli Esteri cinese.<\/p>\n<p><strong>QUANTO COSTA UN VISTO?<\/strong><\/p>\n<p>Visti nazionali: 116 euro<\/p>\n<p>Visti nazionali per studio: 50 euro<\/p>\n<p>Visti tipo Schengen: 90 euro<\/p>\n<p>&#8211; per i minori di et\u00e0 compresa tra 6 e 12 anni: 45 euro<\/p>\n<p>&#8211; i cittadini di Paesi con cui l\u2019Unione Europea ha siglato accordi di facilitazione dei visti: 35 euro. Per conoscere la lista dei Paesi in questione \u00e8 possibile consultare il sito della\u00a0<a href=\"http:\/\/ec.europa.eu\/dgs\/home-affairs\/what-we-do\/policies\/borders-and-visas\/visa-policy\/index_en.htm\" target=\"_blank\" rel=\"noopener\">Commissione Europea<\/a>.<\/p>\n<p>I diritti per i visti non vengono riscossi per i richiedenti appartenenti a una delle categorie seguenti:<\/p>\n<p>\u2022 minori di et\u00e0 inferiore ai sei anni;<\/p>\n<p>\u2022 alunni, studenti, studenti gi\u00e0 laureati e insegnanti accompagnatori che intraprendono soggiorni per motivi di studio o formazione pedagogica;<\/p>\n<p>\u2022 ricercatori di paesi terzi che si spostano a fini di ricerca scientifica ai sensi della raccomandazione 2005\/761\/CE del Parlamento europeo e del Consiglio, del 28 settembre 2005, diretta a facilitare il rilascio, da parte degli Stati membri, di visti uniformi di soggiorno di breve durata per i ricercatori di paesi terzi che si spostano nella Comunit\u00e0 a fini di ricerca scientifica;<\/p>\n<p>\u2022 rappresentanti di organizzazioni senza fini di lucro di et\u00e0 non superiore ai venticinque anni che partecipano a seminari, conferenze, manifestazioni sportive, culturali o educative organizzati da organizzazioni senza fini di lucro.<\/p>\n<p>\u2022 I seguenti familiari di cittadini UE\/EEA, quando accompagnano o raggiungono il cittadino UE\/EEA, cos\u00ec come identificati dalla Direttiva 2004\/38\/CE e dal D Lgs 30\/2007:<\/p>\n<p>a) coniuge;<\/p>\n<p>b) il partner che abbia contratto con il cittadino dell&#8217;Unione un&#8217;unione registrata sulla base della legislazione di uno Stato membro, qualora la legislazione dello Stato membro ospitante equipari l&#8217;unione registrata al matrimonio e nel rispetto delle condizioni previste dalla pertinente legislazione dello Stato membro ospitante;<\/p>\n<p>c) i discendenti diretti quelli del coniuge o partner di cui alla lettera b);<\/p>\n<p>d) gli ascendenti diretti e quelli del coniuge o partner di cui alla lettera b)<\/p>\n<p>\u2022 sono altres\u00ec esentati i titolari di passaporto diplomatico<\/p>\n<p><strong>TEMPISTICHE DI LAVORAZIONE DELLE DOMANDE DI VISTO<\/strong><\/p>\n<p>Per i Visti Schengen (tipo \u201cC\u201d) la normativa prevede un tempo massimo di trattazione di 15 giorni, estendibile a 45 giorni qualora necessario (art. 23 del Codice Visti Schengen), mentre per i Visti Nazionali (tipo \u201cD\u201d) i tempi di trattazione \u2013 generalmente di 90 giorni \u2013 sono ridotti a 30 giorni per i visti per motivi familiari e lavoro subordinato, ed estesi sino ai 120 giorni per lavoro autonomo.<\/p>\n<p>Si invitano i richiedenti a fare domanda di visto con debito anticipo rispetto alla data di partenza prevista (almeno 15 giorni prima della partenza). La domanda di visto pu\u00f2 essere presentata al massimo sei mesi prima della partenza prevista. \u00c8 inoltre necessario prestare attenzione alla scadenza del proprio passaporto, che determina la data di validit\u00e0 massima del visto.<\/p>\n<p><strong>\u00a0<\/strong><\/p>\n<p><strong>INFORMAZIONI UTILI<\/strong><\/p>\n<p>L\u2019ottenimento del visto non d\u00e0 automaticamente diritto all\u2019ingresso dell\u2019area Schengen.<\/p>\n<p>Si attira l\u2019attenzione dei richiedenti visto sul fatto che il semplice possesso di un visto non conferisce automaticamente il diritto di ingresso nell\u2019area Schengen e che i titolari di un visto possono essere richiesti, una volta arrivati alla frontiera esterna dell\u2019area Schengen o in occasione di altri controlli, di fornire informazioni circa i mezzi di sostentamento, sulla durata del soggiorno previsto in area Schengen e sullo scopo del viaggio.<\/p>\n<p>Si raccomanda di portare con s\u00e9 copia dei documenti presentati in fase di domanda di visto (quali ad esempio, lettere di invito, prenotazioni alberghiere e aeree o altri documenti atti a dimostrare lo scopo del viaggio). Per maggiori informazioni, si veda l\u2019art. 5 del Codice delle Frontiere Schengen (<a href=\"http:\/\/www.conschongqing.esteri.it\/consolato_chongqing\/eur-lex.europa.eu\/legal-content\/IT\/TXT\/PDF\/?uri=CELEX:32006R0562&amp;from=IT\" target=\"_blank\" rel=\"noopener\">link<\/a>).<\/p>\n<p><strong>Cosa succede in caso di rifiuto del visto<\/strong><\/p>\n<p>Eventuali decisioni negative relative alle domande di visto saranno notificate al richiedente. Nel provvedimento di rifiuto del visto sono indicati i motivi del rifiuto. Il richiedente la cui domanda \u00e8 stata rifiutata ha diritto di presentare nuova domanda di visto, integrando eventuali documenti mancanti, ovvero di proporre ricorso. Eventuali ricorsi devono essere presentati al T.A.R. del Lazio, con l\u2019assistenza di un legale, entro 60 giorni dalla notifica del provvedimento di rifiuto. Il ricorso deve essere notificato, a pena di nullit\u00e0 (in base all\u2019art. 144 del C.P.C. e all\u2019art. 11 del R.D. n. 1611 del 1933), alla competente Avvocatura dello Stato.<\/p>\n<p>Solo per i visti per motivi familiari il ricorso va presentato al Tribunale ordinario del luogo di residenza del richiedente in Italia.<\/p>\n<p><strong>Come utilizzare correttamente un visto Schengen<\/strong><\/p>\n<p>Il visto Schengen d\u00e0 diritto a circolare nei Paesi dell\u2019area Schengen. E\u2019 possibile rimanere in area Schengen solamente per il numero di giorni indicati sul visto, che va utilizzato esclusivamente nel lasso temporale indicato \u201cdal\u201d \u201cal\u201d. La dicitura \u201cDurata del soggiorno \u2026 giorni\u201d indica il numero di giorni che \u00e8 possibile trascorrere nell\u2019area Schengen, a partire dalla data in cui si fa ingresso nel territorio Schengen (da contare sulla base dei timbri di ingresso e uscita). Il lasso temporale indicato \u201cDa\u2026a\u201d pu\u00f2 essere pi\u00f9 lungo rispetto alla \u201cDurata del soggiorno\u201d al fine di consentire una certa flessibilit\u00e0. Tuttavia non \u00e8 possibile rimanere in area Schengen pi\u00f9 giorni rispetto a quelli indicati sotto la voce \u201cDurata del soggiorno\u2026giorni\u201d. Inoltre non \u00e8 possibile soggiornare oltre la data indicata alla voce \u201cFino al\u201d.<\/p>\n<p>Il numero di ingressi concessi pu\u00f2 essere: uno, due o multipli. Quanti hanno necessit\u00e0 di recarsi frequentemente in area Schengen possono richiedere visti ad ingressi multipli pluriennali fino ad un massimo di 5 anni. Si ricorda ai possessori di visti ad ingressi multipli che in base alla normativa \u00e8 possibile rimanere all\u2019interno dell\u2019area Schengen per un massimo di 90 giorni ogni 180 giorni.<\/p>\n<p>Al fine di evitare over-staying e per sapere quanti giorni rimangono a disposizione rispetto a quelli gi\u00e0 utilizzati, \u00e8 possibile utilizzare (a titolo indicativo) il sistema di calcolo approntato dalla Commissione europea cliccando\u00a0<a href=\"http:\/\/ec.europa.eu\/dgs\/home-affairs\/what-we-do\/policies\/borders-and-visas\/border-crossing\/schengen_calculator_en.html\" target=\"_blank\" rel=\"noopener\">qui<\/a>.<\/p>\n<p><strong>Come utilizzare correttamente un visto nazionale italiano<\/strong><\/p>\n<p>Una volta giunti in Italia con un visto nazionale italiano, \u00e8 necesario recarsi entro 8 giorni presso la competente Questura della Provincia ove si intende risiedere per fare richiesta di Permesso di soggiorno. La durata del Permesso di soggiorno sar\u00e0 corrispondente a quella indicata sul visto. Il Permesso di soggiorno dovr\u00e0 essere rinnovato direttamente in Italia. Per individuare la Questura competente si invita a controllare il seguente\u00a0<a href=\"http:\/\/questure.poliziadistato.it\/\" target=\"_blank\" rel=\"noopener\">sito<\/a>.<\/p>\n<p><strong>Ulteriori informazioni<\/strong><\/p>\n<p>Per ogni ulteriore informazione \u00e8 possibile consultare direttamente il sito del\u00a0<a href=\"http:\/\/vistoperitalia.esteri.it\/home.aspx\" target=\"_blank\" rel=\"noopener\">Ministero degli Esteri e della Cooperazione Internazionale<\/a>\u00a0e il sito della\u00a0<a href=\"http:\/\/ec.europa.eu\/dgs\/home-affairs\/what-we-do\/policies\/borders-and-visas\/visa-policy\/index_en.htm\" target=\"_blank\" rel=\"noopener\">Commissione europea<\/a>.<\/p>\n<p>&nbsp;<\/p>\n<p><strong>Protezione delle persone fisiche con riguardo al trattamento dei dati personali ai fini del rilascio di un visto d\u2019ingresso in<br \/>\nItalia e nell\u2019area Schengen<\/strong><\/p>\n<p><a title=\"Regolamento Generale sulla Protezione dei Dati (UE) 2016\/679\" href=\"https:\/\/eur-lex.europa.eu\/legal-content\/IT\/TXT\/?uri=uriserv:OJ.L_.2016.119.01.0001.01.ITA\">Regolamento Generale sulla Protezione dei Dati (UE) 2016\/679<\/a><\/p>\n<p><a title=\"Informativa\" href=\"https:\/\/conschongqing.esteri.it\/consolato_chongqing\/resource\/doc\/2019\/10\/informativavistiita.pdf\">Informativa<\/a><\/p>\n<p>&nbsp;<\/p>\n","protected":false},"excerpt":{"rendered":"AVVISI IMPORTANTI Prima di presentare domanda di visto i richiedenti sono pregati di leggere tutte le informazioni pubblicate nella presente pagina e suoi link. A partire dall\u201911 gennaio 2025 si dovr\u00e0 procedere obbligatoriamente con l\u2019acquisizione delle impronte digitali anche per i visti d\u2019ingresso nazionali (tipo D). Le modalit\u00e0 di acquisizione e le eventuali eccezioni sono [&hellip;]","protected":false},"author":3,"featured_media":0,"parent":58,"menu_order":0,"comment_status":"closed","ping_status":"closed","template":"","meta":{"footnotes":""},"class_list":["post-80","page","type-page","status-publish","hentry"],"_links":{"self":[{"href":"https:\/\/conschongqing.esteri.it\/it\/wp-json\/wp\/v2\/pages\/80","targetHints":{"allow":["GET"]}}],"collection":[{"href":"https:\/\/conschongqing.esteri.it\/it\/wp-json\/wp\/v2\/pages"}],"about":[{"href":"https:\/\/conschongqing.esteri.it\/it\/wp-json\/wp\/v2\/types\/page"}],"author":[{"embeddable":true,"href":"https:\/\/conschongqing.esteri.it\/it\/wp-json\/wp\/v2\/users\/3"}],"replies":[{"embeddable":true,"href":"https:\/\/conschongqing.esteri.it\/it\/wp-json\/wp\/v2\/comments?post=80"}],"version-history":[{"count":7,"href":"https:\/\/conschongqing.esteri.it\/it\/wp-json\/wp\/v2\/pages\/80\/revisions"}],"predecessor-version":[{"id":5192,"href":"https:\/\/conschongqing.esteri.it\/it\/wp-json\/wp\/v2\/pages\/80\/revisions\/5192"}],"up":[{"embeddable":true,"href":"https:\/\/conschongqing.esteri.it\/it\/wp-json\/wp\/v2\/pages\/58"}],"wp:attachment":[{"href":"https:\/\/conschongqing.esteri.it\/it\/wp-json\/wp\/v2\/media?parent=80"}],"curies":[{"name":"wp","href":"https:\/\/api.w.org\/{rel}","templated":true}]}}