{"id":873,"date":"2023-05-10T08:47:42","date_gmt":"2023-05-10T06:47:42","guid":{"rendered":"https:\/\/conschongqing.esteri.it\/?page_id=873"},"modified":"2023-05-10T08:47:42","modified_gmt":"2023-05-10T06:47:42","slug":"frasario-salute","status":"publish","type":"page","link":"https:\/\/conschongqing.esteri.it\/it\/servizi-consolari-e-visti\/servizi-per-il-cittadino-italiano\/per-i-cittadini\/frasario-salute\/","title":{"rendered":"Frasario salute"},"content":{"rendered":"<p><span lang=\"IT\">Non mi sento bene<\/span><\/p>\n<p><span lang=\"ZH-CN\">\u6211\u89c9\u5f97\u4e0d\u8212\u670d\u00a0<\/span><\/p>\n<p><span lang=\"IT\">W\u01d2 ju\u00e9d\u00e9 b\u00fa sh\u016bf\u00fa<\/span><\/p>\n<p>&nbsp;<\/p>\n<p><span lang=\"IT\">Chiamate un medico<\/span><\/p>\n<p><span lang=\"ZH-CN\">\u5feb\u5e2e\u6211\u53eb\u533b\u751f<\/span><\/p>\n<p><span lang=\"IT\">Ku\u00e0i b\u0101ng w\u01d2 ji\u00e0o y\u012bsh\u0113ng<\/span><\/p>\n<p>&nbsp;<\/p>\n<p><span lang=\"IT\">Devo raggiungere al pi\u00f9 presto la farmacia pi\u00f9 vicina<\/span><\/p>\n<p><span lang=\"ZH-CN\">\u6211\u9700\u8981\u9a6c\u4e0a\u627e\u5230\u6700\u8fd1\u7684\u836f\u5e97<\/span><\/p>\n<p><span lang=\"IT\">W\u01d2 x\u016by\u00e0o m\u01cesh\u00e0ng zh\u01ceod\u00e0o zu\u00ecj\u00ecn di y\u00e0odi\u00e0n<\/span><\/p>\n<p>&nbsp;<\/p>\n<p><span lang=\"IT\">Devo raggiungere una farmacia notturna \u00a0<\/span><\/p>\n<p><span lang=\"ZH-CN\">\u6211\u9700\u8981\u627e\u4e00\u4e2a<\/span><span lang=\"IT\">24<\/span><span lang=\"ZH-CN\">\u5c0f\u65f6\u8425\u4e1a\u7684\u836f\u5e97<\/span><\/p>\n<p><span lang=\"IT\">W\u01d2 x\u016by\u00e0o zh\u01ceo y\u012bg\u00e8 24 xi\u01ceosh\u00ed y\u00edngy\u00e8 di y\u00e0odi\u00e0n<\/span><\/p>\n<p>&nbsp;<\/p>\n<p><span lang=\"IT\">Abbiamo bisogno di un\u2019ambulanza. Vi preghiamo di venire a_____<\/span><\/p>\n<p><span lang=\"ZH-CN\">\u6211\u4eec\u9700\u8981\u6551\u62a4\u8f66\uff0c\u9ebb\u70e6\u60a8\u6765<\/span><span lang=\"IT\">_____<\/span><\/p>\n<p><span lang=\"IT\">W\u01d2men x\u016by\u00e0o ji\u00f9h\u00f9 ch\u0113, m\u00e1fan n\u00edn l\u00e1i_____<\/span><\/p>\n<p>&nbsp;<\/p>\n<p><span lang=\"IT\">Qual \u00e8 l\u2019ospedale pi\u00f9 vicino?<\/span><\/p>\n<p><span lang=\"ZH-CN\">\u79bb\u8fd9\u513f\u6700\u8fd1\u7684\u533b\u9662\u5728\u54ea\u513f\uff1f<\/span><\/p>\n<p><span lang=\"IT\">L\u00ed zh\u00e8&#8217;er zu\u00ecj\u00ecn de y\u012byu\u00e0n z\u00e0i n\u01ce&#8217;er?<\/span><\/p>\n<p>&nbsp;<\/p>\n<p><span lang=\"IT\">Vi prego di venire al pi\u00f9 presto! Mi trovo a_____<\/span><\/p>\n<p><span lang=\"ZH-CN\">\u8bf7\u4f60\u4eec\u5c3d\u5feb\u6765<\/span><span lang=\"IT\">_____\u00a0\u00a0<\/span><span lang=\"ZH-CN\">\u6211\u5728<\/span><span lang=\"IT\">_____<\/span><\/p>\n<p><span lang=\"IT\">Q\u01d0ng n\u01d0men j\u01d0nku\u00e0i l\u00e1i_____ W\u01d2 z\u00e0i_____<\/span><\/p>\n<p>&nbsp;<\/p>\n<p><span lang=\"IT\">Ha smesso di respirare!<\/span><\/p>\n<p><span lang=\"ZH-CN\">\u4ed6\u4f11\u514b\u4e86<\/span><\/p>\n<p><span lang=\"IT\">T\u0101 xi\u016bk\u00e8le<\/span><\/p>\n<p>&nbsp;<\/p>\n<p><span lang=\"IT\">Mi sono tagliato<\/span><\/p>\n<p><span lang=\"ZH-CN\">\u6211\u5272\u4f24\u4e86<\/span><\/p>\n<p><span lang=\"IT\">W\u01d2 g\u0113 sh\u0101ng le<\/span><\/p>\n<p>&nbsp;<\/p>\n<p><span lang=\"IT\">Ho bisogno di:<\/span><\/p>\n<p><span lang=\"ZH-CN\">\u6211\u9700\u8981<\/span><span lang=\"IT\">:<\/span><\/p>\n<p><span lang=\"IT\">W\u01d2 x\u016by\u00e0o<\/span><\/p>\n<p>&nbsp;<\/p>\n<p><span lang=\"IT\">Sono allergico\/a a ______<\/span><\/p>\n<p><span lang=\"ZH-CN\">\u6211\u5bf9<\/span><span lang=\"IT\">______<\/span><span lang=\"ZH-CN\">\u8fc7\u654f<\/span><span lang=\"IT\">______<\/span><\/p>\n<p><span lang=\"IT\">W\u01d2 du\u00ec______gu\u00f2m\u01d0n<\/span><\/p>\n<p><span lang=\"IT\">Polline\u00a0\u00a0<\/span><span lang=\"ZH-CN\">\u82b1\u7c89\u00a0\u00a0<\/span><span lang=\"IT\">hu\u0101f\u011bn<\/span><\/p>\n<p><span lang=\"IT\">Polvere\u00a0\u00a0<\/span><span lang=\"ZH-CN\">\u7c89\u5c18\u00a0\u00a0<\/span><span lang=\"IT\">f\u011bnch\u00e9n<\/span><\/p>\n<p><span lang=\"IT\">Farinacei\u00a0\u00a0<\/span><span lang=\"ZH-CN\">\u9762\u7c89\u00a0\u00a0<\/span><span lang=\"IT\">mi\u00e0nf\u011bn<\/span><\/p>\n<p><span lang=\"IT\">Alcuni farmaci\u00a0\u00a0<\/span><span lang=\"ZH-CN\">\u67d0\u4e9b\u836f\u7269\u00a0\u00a0<\/span><span lang=\"IT\">m\u01d2u xi\u0113 y\u00e0ow\u00f9<\/span><\/p>\n<p>&nbsp;<\/p>\n<p>&nbsp;<\/p>\n<p><span lang=\"IT\">Febbre\u00a0\u00a0<\/span><span lang=\"ZH-CN\">\u53d1\u70e7\u00a0\u00a0<\/span><span lang=\"IT\">f\u0101sh\u0101o<\/span><\/p>\n<p><span lang=\"IT\">Vomito\u00a0\u00a0<\/span><span lang=\"ZH-CN\">\u5455\u5410\u00a0\u00a0<\/span><span lang=\"IT\">\u01d2ut\u00f9<\/span><\/p>\n<p><span lang=\"IT\">Attacco cardiaco\u00a0\u00a0<\/span><span lang=\"ZH-CN\">\u5fc3\u810f\u75c5\u53d1\u4f5c\u00a0\u00a0<\/span><span lang=\"IT\">x\u012bnz\u00e0ng b\u00ecng f\u0101zu\u00f2<\/span><\/p>\n<p><span lang=\"IT\">Attacco d\u2019asma\u00a0\u00a0<\/span><span lang=\"ZH-CN\">\u54ee\u5598\u53d1\u4f5c\u00a0\u00a0<\/span><span lang=\"IT\">xi\u0101ochu\u01cen f\u0101zu\u00f2<\/span><\/p>\n<p><span lang=\"IT\">In gravidanza\u00a0\u00a0<\/span><span lang=\"ZH-CN\">\u6000\u5b55\u4e86<\/span><span lang=\"IT\">\u00a0\u00a0<\/span><span lang=\"IT\">Hu\u00e1iy\u00f9nle<\/span><\/p>\n<p><span lang=\"IT\">Incidente\u00a0\u00a0<\/span><span lang=\"ZH-CN\">\u610f\u5916\u00a0\u00a0<\/span><span lang=\"IT\">y\u00ec<\/span><span lang=\"IT\">\u00a0<\/span><span lang=\"IT\">w\u00e0i<\/span><\/p>\n<p><span lang=\"IT\">Bruciatura\u00a0\u00a0<\/span><span lang=\"ZH-CN\">\u70e7\u4f24\u00a0\u00a0<\/span><span lang=\"IT\">sh\u0101osh\u0101ng<\/span><\/p>\n<p><span lang=\"IT\">Avvelenamento\u00a0\u00a0<\/span><span lang=\"ZH-CN\">\u4e2d\u6bd2\u00a0\u00a0<\/span><span lang=\"IT\">zh\u00f2ngd\u00fa<\/span><\/p>\n<p><span lang=\"IT\">Antidolorifici\u00a0\u00a0<\/span><span lang=\"ZH-CN\">\u6b62\u75db\u836f\u00a0\u00a0<\/span><span lang=\"IT\">zh\u01d0t\u00f2ng y\u00e0o<\/span><\/p>\n<p><span lang=\"IT\">Antibiotico\u00a0\u00a0<\/span><span lang=\"ZH-CN\">\u6297\u751f\u7d20\u00a0\u00a0<\/span><span lang=\"IT\">k\u00e0ngsh\u0113ngs\u00f9<\/span><\/p>\n<p><span lang=\"IT\">Cerotti\u00a0\u00a0<\/span><span lang=\"ZH-CN\">\u521b\u53ef\u8d34\u00a0\u00a0<\/span><span lang=\"IT\">chu\u00e0ngk\u011bti\u0113<\/span><\/p>\n<p><span lang=\"IT\">Garza\u00a0\u00a0<\/span><span lang=\"ZH-CN\">\u7eb1\u5e03\u00a0\u00a0<\/span><span lang=\"IT\">sh\u0101b\u00f9<\/span><\/p>\n<p><span lang=\"IT\">Disinfettante\u00a0\u00a0<\/span><span lang=\"ZH-CN\">\u6d88\u6bd2\u5242\u00a0\u00a0<\/span><span lang=\"IT\">xi\u0101od\u00fa j\u00ec<\/span><\/p>\n<p><span lang=\"IT\"><br \/>\n<\/span><\/p>\n<p><span lang=\"IT\">REPARTI OSPEDALIERI<\/span><span lang=\"IT\">\u00a0\u00a0<\/span><span lang=\"ZH-CN\">\u533b\u9662\u79d1\u5ba4\u00a0\u00a0<\/span><span lang=\"IT\">y\u012byu\u00e0n k\u0113 sh\u00ec<\/span><\/p>\n<p><span lang=\"IT\">Cardiologia\u00a0\u00a0<\/span><span lang=\"ZH-CN\">\u5fc3\u810f\u79d1\u00a0\u00a0<\/span><span lang=\"IT\">x\u012bnz\u00e0ng k\u0113<\/span><\/p>\n<p><span lang=\"IT\">Chirurgia\u00a0\u00a0<\/span><span lang=\"ZH-CN\">\u624b\u672f\u79d1\u00a0\u00a0<\/span><span lang=\"IT\">sh\u01d2ush\u00f9 k\u0113<\/span><\/p>\n<p><span lang=\"IT\">Dermatologia\u00a0\u00a0<\/span><span lang=\"ZH-CN\">\u76ae\u80a4\u79d1\u00a0\u00a0<\/span><span lang=\"IT\">p\u00edf\u016b k\u0113<\/span><\/p>\n<p><span lang=\"IT\">Medicina interna\u00a0\u00a0<\/span><span lang=\"ZH-CN\">\u5185\u79d1\u00a0\u00a0<\/span><span lang=\"IT\">n\u00e8ik\u0113<\/span><\/p>\n<p><span lang=\"IT\">Oculistica\u00a0\u00a0<\/span><span lang=\"ZH-CN\">\u773c\u79d1\u00a0\u00a0<\/span><span lang=\"IT\">y\u01cenk\u0113<\/span><\/p>\n<p><span lang=\"IT\">Odontoiatria\u00a0 \u7259\u79d1\u00a0 y\u00e1k\u0113<\/span><\/p>\n","protected":false},"excerpt":{"rendered":"Non mi sento bene \u6211\u89c9\u5f97\u4e0d\u8212\u670d\u00a0 W\u01d2 ju\u00e9d\u00e9 b\u00fa sh\u016bf\u00fa &nbsp; Chiamate un medico \u5feb\u5e2e\u6211\u53eb\u533b\u751f Ku\u00e0i b\u0101ng w\u01d2 ji\u00e0o y\u012bsh\u0113ng &nbsp; Devo raggiungere al pi\u00f9 presto la farmacia pi\u00f9 vicina \u6211\u9700\u8981\u9a6c\u4e0a\u627e\u5230\u6700\u8fd1\u7684\u836f\u5e97 W\u01d2 x\u016by\u00e0o m\u01cesh\u00e0ng zh\u01ceod\u00e0o zu\u00ecj\u00ecn di y\u00e0odi\u00e0n &nbsp; Devo raggiungere una farmacia notturna \u00a0 \u6211\u9700\u8981\u627e\u4e00\u4e2a24\u5c0f\u65f6\u8425\u4e1a\u7684\u836f\u5e97 W\u01d2 x\u016by\u00e0o zh\u01ceo y\u012bg\u00e8 24 xi\u01ceosh\u00ed y\u00edngy\u00e8 di y\u00e0odi\u00e0n &nbsp; [&hellip;]","protected":false},"author":4,"featured_media":0,"parent":861,"menu_order":0,"comment_status":"closed","ping_status":"closed","template":"","meta":{"footnotes":""},"class_list":["post-873","page","type-page","status-publish","hentry"],"_links":{"self":[{"href":"https:\/\/conschongqing.esteri.it\/it\/wp-json\/wp\/v2\/pages\/873","targetHints":{"allow":["GET"]}}],"collection":[{"href":"https:\/\/conschongqing.esteri.it\/it\/wp-json\/wp\/v2\/pages"}],"about":[{"href":"https:\/\/conschongqing.esteri.it\/it\/wp-json\/wp\/v2\/types\/page"}],"author":[{"embeddable":true,"href":"https:\/\/conschongqing.esteri.it\/it\/wp-json\/wp\/v2\/users\/4"}],"replies":[{"embeddable":true,"href":"https:\/\/conschongqing.esteri.it\/it\/wp-json\/wp\/v2\/comments?post=873"}],"version-history":[{"count":0,"href":"https:\/\/conschongqing.esteri.it\/it\/wp-json\/wp\/v2\/pages\/873\/revisions"}],"up":[{"embeddable":true,"href":"https:\/\/conschongqing.esteri.it\/it\/wp-json\/wp\/v2\/pages\/861"}],"wp:attachment":[{"href":"https:\/\/conschongqing.esteri.it\/it\/wp-json\/wp\/v2\/media?parent=873"}],"curies":[{"name":"wp","href":"https:\/\/api.w.org\/{rel}","templated":true}]}}